{"id":629,"date":"2026-04-12T10:38:20","date_gmt":"2026-04-12T08:38:20","guid":{"rendered":"https:\/\/mbz.pl\/?page_id=629"},"modified":"2026-04-12T10:41:17","modified_gmt":"2026-04-12T08:41:17","slug":"dlaczego-online","status":"publish","type":"page","link":"https:\/\/mbz.pl\/?page_id=629","title":{"rendered":"Dlaczego online?"},"content":{"rendered":"\n<p class=\"wp-block-paragraph\"><strong>Spotkania online<\/strong>&nbsp;s\u0105 odpowiednie dla ka\u017cdego. Dzi\u0119ki technologii mamy mo\u017cliwo\u015b\u0107 przeniesienia gabinetu terapeutycznego na \u0142\u0105cza internetowe, co daje wiele mo\u017cliwo\u015bci. Spotkania terapeutyczne online jest tak\u017ce dobr\u0105 opcj\u0105 dla os\u00f3b, kt\u00f3re &nbsp;maj\u0105 trudno\u015bci w kontaktach spo\u0142ecznych i chc\u0105 porozmawia\u0107 ze specjalist\u0105 ze swojego domu. Mo\u017ce to by\u0107 pierwszy krok do pokonania ich problem\u00f3w.<\/p>\n\n\n\n<p class=\"wp-block-paragraph\">Korzy\u015bci:<\/p>\n\n\n\n<ul class=\"wp-block-list\">\n<li>Oszcz\u0119dno\u015b\u0107 czasu z tytu\u0142u braku dojazd\u00f3w (nie trzeba wychodzi\u0107 z domu)<\/li>\n\n\n\n<li>Oszcz\u0119dno\u015b\u0107 pieni\u0119dzy z tytu\u0142u braku dojazd\u00f3w<\/li>\n\n\n\n<li>Du\u017ca elastyczno\u015b\u0107 w doborze termin\u00f3w<\/li>\n\n\n\n<li>Du\u017ca dost\u0119pno\u015b\u0107, szczeg\u00f3lnie w przypadku mniejszych miejscowo\u015bci, w kt\u00f3rych nie ma specjalist\u00f3w<\/li>\n\n\n\n<li>Nieograniczona terytorialnie dost\u0119pno\u015b\u0107<\/li>\n\n\n\n<li>Mo\u017cliwo\u015b\u0107 korzystania z terapii za granic\u0105<\/li>\n\n\n\n<li>Mo\u017cliwo\u015b\u0107 korzystania podczas wyjazd\u00f3w s\u0142u\u017cbowych lub wakacyjnych<\/li>\n\n\n\n<li>Przeprowadzanie spotka\u0144 we w\u0142asnym domu w komfortowych warunkach<\/li>\n\n\n\n<li>Wysokie poczucie bezpiecze\u0144stwa<\/li>\n\n\n\n<li>Skuteczna i dost\u0119pna ochrona zdrowia psychicznego<\/li>\n\n\n\n<li>Szczeg\u00f3lnie polecana forma, gdy dotyczy Ciebie fobia spo\u0142eczna<\/li>\n\n\n\n<li>Zachowanie dyskrecji \u2013 Ty wybierasz miejsce w kt\u00f3rym odbywasz sesje<\/li>\n\n\n\n<li>Poufno\u015b\u0107 i bezpiecze\u0144stwo informacji \u2013 transmisja obrazu i d\u017awi\u0119ku s\u0105 szyfrowane przez wi\u0119kszo\u015b\u0107 komunikator\u00f3w, a dodatkowo spotkanie jest chronione przez VPN.<\/li>\n\n\n\n<li>Ni\u017cszy koszt samej wizyty<\/li>\n\n\n\n<li>Wygodne elektroniczne formy p\u0142atno\u015bci<\/li>\n<\/ul>\n\n\n\n<p class=\"wp-block-paragraph\">Badania naukowe wskazuj\u0105, \u017ce nie ma r\u00f3\u017cnicy w efektach pracy online a twarz\u0105 w twarz, a sojusz terapeutyczny budowany w tej formie jest tak warto\u015bciowy, jak ten budowany w gabinecie.<\/p>\n\n\n\n<p class=\"wp-block-paragraph\">Przygotowanie do spotkania online<\/p>\n\n\n\n<p class=\"wp-block-paragraph\">Najwa\u017cniejszy punkt przygotowa\u0144 to upewnienie si\u0119, \u017ce mamy dzia\u0142aj\u0105cy sprz\u0119t, przez kt\u00f3ry po\u0142\u0105czymy si\u0119 z terapeut\u0105. Spotkanie&nbsp; mo\u017cna natomiast odby\u0107 zar\u00f3wno przez komputer, jak i przez telefon, ale w wi\u0119kszo\u015bci przypadk\u00f3w po\u0142\u0105czenie si\u0119 na spotkanie przez komputer\/laptopa mo\u017ce by\u0107 wygodniejsze. Warto tak\u017ce upewni\u0107 si\u0119, czy w naszym sprz\u0119cie wszystko dzia\u0142a (Internet, system d\u017awi\u0119kowy, kamerka), aby unikn\u0105\u0107 dodatkowego stresu spowodowanego trudno\u015bciami technicznymi ju\u017c w trakcie spotkania.<\/p>\n\n\n\n<p class=\"wp-block-paragraph\">Bardzo wa\u017cne jest r\u00f3wnie\u017c, aby zapewni\u0107 sobie komfortowe warunki rozmowy \u2013 najlepiej jest odbywa\u0107 terapi\u0119 w godzinach, gdy w naszym mieszkaniu lub biurze nikogo nie ma (lub przynajmniej w zamkni\u0119tym pokoju o d\u017awi\u0119koszczelnych \u015bcianach). W sytuacji, gdy jest to niemo\u017cliwe, Pacjenci cz\u0119sto poszukuj\u0105 innych rozwi\u0105za\u0144, kt\u00f3re tak\u017ce okazuj\u0105 si\u0119 skuteczne: np. zamykaj\u0105 si\u0119 na czas terapii z laptopem w samochodzie.<\/p>\n\n\n\n<p class=\"wp-block-paragraph\">Je\u015bli denerwujesz si\u0119 tym, \u017ce nie b\u0119dziesz wiedzia\u0142\/a, jak zacz\u0105\u0107 rozmow\u0119 pomocne mo\u017ce okaza\u0107 si\u0119 spisanie g\u0142\u00f3wnych informacji, kt\u00f3re chcia\u0142\/aby\u015b przekaza\u0107, na kartce. Nie przejmuj si\u0119 jednak, je\u015bli b\u0119dziesz mia\u0142\/a trudno\u015b\u0107 z okre\u015bleniem swojego g\u0142\u00f3wnego problemu: terapeuta pomo\u017ce Ci powiedzie\u0107 to, co najwa\u017cniejsze, ukierunkowuj\u0105c Ci\u0119 odpowiednio zadawanymi pytaniami.<\/p>\n","protected":false},"excerpt":{"rendered":"<p>Spotkania online&nbsp;s\u0105 odpowiednie dla ka\u017cdego. Dzi\u0119ki technologii mamy mo\u017cliwo\u015b\u0107 przeniesienia gabinetu terapeutycznego na \u0142\u0105cza internetowe, co daje wiele mo\u017cliwo\u015bci. Spotkania &hellip; <\/p>\n","protected":false},"author":1,"featured_media":0,"parent":0,"menu_order":0,"comment_status":"closed","ping_status":"closed","template":"","meta":{"_crdt_document":"{\"document\":\"AAAd9qyBshoLrffz9AT2rIGyGgDt9\/P0BIICtqyBshr6AQaIAQEEUIAB+gFCnAHUAQEBCAEBSAJCCkqIDQECCgJCAQBKACgBAgoBAUoUAgECCgJCAEoAogIBAgoCQgBKAK4BAQIKAkIASgCcAQECCgJCAEoAkgMBAgoCQgBKAKIBAQIKAkIASgCoAQECCgJCAEoAlgIBAgoCQgBKAJQCAQIKAkIASgCSAQECCgJCAEoAtgEBAgoCQgBKAJACAQIKAkIASgCaAgECCgJCAEoAkgUBAgoCQgBKAIYBAQIKAkIAStIfsCABAgoCQgEASgCCBgECCgJCAQBKAJgBAQIKAkIBAEoAvA8BAgoCQgEASgCKDQECCgJCAQBKylIBCLcCKAAhAScAAQAnASgEJwAoBicARACEAIEAqAAhAKgAKAIHACgCJwEoAicAqAAoAAQAhwAoAycBBAAoAicAhwAoAycAKAMnAAcAKAMnAQQAKAEnAIcAKAMnAQQAKAEnAIcAKAMnAQQAKAEnAIcAKAMnAQQAKAEnAIcAKAMnAQQAKAEnAIcAKAMnAQQAKAEnAIcAKAMnAQQAKAEnAIcAKAMnAQQAKAEnAIcAKAMnAQQAKAEnAIcAKAMnAQQAKAEnAIcAKAMnAQQAKAEnAIcAKAMnAQQAKAEnAIcAKAMnAQQAKAEnAIcAKAMnAQQAKAEnAIcAKAMnAQQAKAEnAIcAKAMnAQQAKAInAIcAKAMnAQQAKAInAIcAKAMnAQQAKAInAIcAKAMnAQQAKAInAIcAKAMnAQQAKAInAATDTp1Mc3RhdGV2ZXJzaW9uZG9jdW1lbnRkYXRlZG9jdW1lbnRzdGF0dXNkb2N1bWVudHRpdGxlZG9jdW1lbnRjb250ZW50ZG9jdW1lbnRleGNlcnB0ZG9jdW1lbnRhdXRob3Jkb2N1bWVudGZlYXR1cmVkX21lZGlhZG9jdW1lbnRjb21tZW50X3N0YXR1c2RvY3VtZW50cGluZ19zdGF0dXNkb2N1bWVudHRlbXBsYXRlZG9jdW1lbnRtZXRhX3RoZW1laXNsZV9ndXRlbmJlcmdfYmxvY2tfaGFzX3Jldmlld19jb2FjaGlmeV9zaWRlYmFyX2xheW91dGZvb3Rub3Rlc19lbGVtZW50b3JfZWRpdF9tb2RlX2VsZW1lbnRvcl90ZW1wbGF0ZV90eXBlX2VsZW1lbnRvcl9kYXRhX2VsZW1lbnRvcl9wYWdlX3NldHRpbmdzZG9jdW1lbnRibG9ja3NEbGFjemVnbyBvbmxpbmU\/c3RhdGV2ZXJzaW9uZG9jdW1lbnRzbHVnc3RhdGVzYXZlZEF0c3RhdGVzYXZlZEJ5Y2xpZW50SWRpc1ZhbGlkbmFtZWF0dHJpYnV0ZXNjb250ZW50ZHJvcENhcGhhc0N1c3RvbUNTU290dGVyQ29uZGl0aW9uc2lubmVyQmxvY2tzb3JpZ2luYWxDb250ZW50PHN0cm9uZz5TcG90a2FuaWEgb25saW5lPC9zdHJvbmc+Jm5ic3A7c8SFIG9kcG93aWVkbmllIGRsYSBrYcW8ZGVnby4gRHppxJlraSB0ZWNobm9sb2dpaSBtYW15IG1vxbxsaXdvxZvEhyBwcnplbmllc2llbmlhIGdhYmluZXR1IHRlcmFwZXV0eWN6bmVnbyBuYSDFgsSFY3phIGludGVybmV0b3dlLCBjbyBkYWplIHdpZWxlIG1vxbxsaXdvxZtjaS4gU3BvdGthbmlhIHRlcmFwZXV0eWN6bmUgb25saW5lIGplc3QgdGFrxbxlIGRvYnLEhSBvcGNqxIUgZGxhIG9zw7NiLCBrdMOzcmUgJm5ic3A7bWFqxIUgdHJ1ZG5vxZtjaSB3IGtvbnRha3RhY2ggc3BvxYJlY3pueWNoIGkgY2hjxIUgcG9yb3ptYXdpYcSHIHplIHNwZWNqYWxpc3TEhSB6ZSBzd29qZWdvIGRvbXUuIE1vxbxlIHRvIGJ5xIcgcGllcndzenkga3JvayBkbyBwb2tvbmFuaWEgaWNoIHByb2JsZW3Ds3cuY2xpZW50SWRpc1ZhbGlkb3JpZ2luYWxDb250ZW50bmFtZWF0dHJpYnV0ZXNjb250ZW50S29yennFm2NpOmRyb3BDYXBoYXNDdXN0b21DU1NvdHRlckNvbmRpdGlvbnNpbm5lckJsb2Nrc2NsaWVudElkaXNWYWxpZG9yaWdpbmFsQ29udGVudG5hbWVhdHRyaWJ1dGVzb3JkZXJlZHZhbHVlc2hhc0N1c3RvbUNTU290dGVyQ29uZGl0aW9uc2lubmVyQmxvY2tzY2xpZW50SWRpc1ZhbGlkb3JpZ2luYWxDb250ZW50bmFtZWF0dHJpYnV0ZXNjb250ZW50T3N6Y3rEmWRub8WbxIcgY3phc3UgeiB0eXR1xYJ1IGJyYWt1IGRvamF6ZMOzdyAobmllIHRyemViYSB3eWNob2R6acSHIHogZG9tdSloYXNDdXN0b21DU1NvdHRlckNvbmRpdGlvbnNpbm5lckJsb2Nrc2NsaWVudElkaXNWYWxpZG9yaWdpbmFsQ29udGVudG5hbWVhdHRyaWJ1dGVzY29udGVudE9zemN6xJlkbm\/Fm8SHIHBpZW5pxJlkenkgeiB0eXR1xYJ1IGJyYWt1IGRvamF6ZMOzd2hhc0N1c3RvbUNTU290dGVyQ29uZGl0aW9uc2lubmVyQmxvY2tzY2xpZW50SWRpc1ZhbGlkb3JpZ2luYWxDb250ZW50bmFtZWF0dHJpYnV0ZXNjb250ZW50RHXFvGEgZWxhc3R5Y3pub8WbxIcgdyBkb2JvcnplIHRlcm1pbsOzd2hhc0N1c3RvbUNTU290dGVyQ29uZGl0aW9uc2lubmVyQmxvY2tzY2xpZW50SWRpc1ZhbGlkb3JpZ2luYWxDb250ZW50bmFtZWF0dHJpYnV0ZXNjb250ZW50RHXFvGEgZG9zdMSZcG5vxZvEhywgc3pjemVnw7NsbmllIHcgcHJ6eXBhZGt1IG1uaWVqc3p5Y2ggbWllanNjb3dvxZtjaSwgdyBrdMOzcnljaCBuaWUgbWEgc3BlY2phbGlzdMOzd2hhc0N1c3RvbUNTU290dGVyQ29uZGl0aW9uc2lubmVyQmxvY2tzY2xpZW50SWRpc1ZhbGlkb3JpZ2luYWxDb250ZW50bmFtZWF0dHJpYnV0ZXNjb250ZW50Tmllb2dyYW5pY3pvbmEgdGVyeXRvcmlhbG5pZSBkb3N0xJlwbm\/Fm8SHaGFzQ3VzdG9tQ1NTb3R0ZXJDb25kaXRpb25zaW5uZXJCbG9ja3NjbGllbnRJZGlzVmFsaWRvcmlnaW5hbENvbnRlbnRuYW1lYXR0cmlidXRlc2NvbnRlbnRNb8W8bGl3b8WbxIcga29yenlzdGFuaWEgeiB0ZXJhcGlpIHphIGdyYW5pY8SFaGFzQ3VzdG9tQ1NTb3R0ZXJDb25kaXRpb25zaW5uZXJCbG9ja3NjbGllbnRJZGlzVmFsaWRvcmlnaW5hbENvbnRlbnRuYW1lYXR0cmlidXRlc2NvbnRlbnRNb8W8bGl3b8WbxIcga29yenlzdGFuaWEgcG9kY3phcyB3eWphemTDs3cgc8WCdcW8Ym93eWNoIGx1YiB3YWthY3lqbnljaGhhc0N1c3RvbUNTU290dGVyQ29uZGl0aW9uc2lubmVyQmxvY2tzY2xpZW50SWRpc1ZhbGlkb3JpZ2luYWxDb250ZW50bmFtZWF0dHJpYnV0ZXNjb250ZW50UHJ6ZXByb3dhZHphbmllIHNwb3RrYcWEIHdlIHfFgmFzbnltIGRvbXUgdyBrb21mb3J0b3d5Y2ggd2FydW5rYWNoaGFzQ3VzdG9tQ1NTb3R0ZXJDb25kaXRpb25zaW5uZXJCbG9ja3NjbGllbnRJZGlzVmFsaWRvcmlnaW5hbENvbnRlbnRuYW1lYXR0cmlidXRlc2NvbnRlbnRXeXNva2llIHBvY3p1Y2llIGJlenBpZWN6ZcWEc3R3YWhhc0N1c3RvbUNTU290dGVyQ29uZGl0aW9uc2lubmVyQmxvY2tzY2xpZW50SWRpc1ZhbGlkb3JpZ2luYWxDb250ZW50bmFtZWF0dHJpYnV0ZXNjb250ZW50U2t1dGVjem5hIGkgZG9zdMSZcG5hIG9jaHJvbmEgemRyb3dpYSBwc3ljaGljem5lZ29oYXNDdXN0b21DU1NvdHRlckNvbmRpdGlvbnNpbm5lckJsb2Nrc2NsaWVudElkaXNWYWxpZG9yaWdpbmFsQ29udGVudG5hbWVhdHRyaWJ1dGVzY29udGVudFN6Y3plZ8OzbG5pZSBwb2xlY2FuYSBmb3JtYSwgZ2R5IGRvdHljenkgQ2llYmllIGZvYmlhIHNwb8WCZWN6bmFoYXNDdXN0b21DU1NvdHRlckNvbmRpdGlvbnNpbm5lckJsb2Nrc2NsaWVudElkaXNWYWxpZG9yaWdpbmFsQ29udGVudG5hbWVhdHRyaWJ1dGVzY29udGVudFphY2hvd2FuaWUgZHlza3JlY2ppIOKAkyBUeSB3eWJpZXJhc3ogbWllanNjZSB3IGt0w7NyeW0gb2RieXdhc3ogc2VzamVoYXNDdXN0b21DU1NvdHRlckNvbmRpdGlvbnNpbm5lckJsb2Nrc2NsaWVudElkaXNWYWxpZG9yaWdpbmFsQ29udGVudG5hbWVhdHRyaWJ1dGVzY29udGVudFBvdWZub8WbxIcgaSBiZXpwaWVjemXFhHN0d28gaW5mb3JtYWNqaSDigJMgdHJhbnNtaXNqYSBvYnJhenUgaSBkxbp3acSZa3Ugc8SFIHN6eWZyb3dhbmUgcHJ6ZXogd2nEmWtzem\/Fm8SHIGtvbXVuaWthdG9yw7N3LCBhIGRvZGF0a293byBzcG90a2FuaWUgamVzdCBjaHJvbmlvbmUgcHJ6ZXogVlBOLmhhc0N1c3RvbUNTU290dGVyQ29uZGl0aW9uc2lubmVyQmxvY2tzY2xpZW50SWRpc1ZhbGlkb3JpZ2luYWxDb250ZW50bmFtZWF0dHJpYnV0ZXNjb250ZW50TmnFvHN6eSBrb3N6dCBzYW1laiB3aXp5dHloYXNDdXN0b21DU1NvdHRlckNvbmRpdGlvbnNpbm5lckJsb2Nrc2NsaWVudElkaXNWYWxpZG9yaWdpbmFsQ29udGVudG5hbWVhdHRyaWJ1dGVzY29udGVudFd5Z29kbmUgZWxla3Ryb25pY3puZSBmb3JteSBwxYJhdG5vxZtjaWhhc0N1c3RvbUNTU290dGVyQ29uZGl0aW9uc2lubmVyQmxvY2tzY2xpZW50SWRpc1ZhbGlkb3JpZ2luYWxDb250ZW50bmFtZWF0dHJpYnV0ZXNjb250ZW50QmFkYW5pYSBuYXVrb3dlIHdza2F6dWrEhSwgxbxlIG5pZSBtYSByw7PFvG5pY3kgdyBlZmVrdGFjaCBwcmFjeSBvbmxpbmUgYSB0d2FyesSFIHcgdHdhcnosIGEgc29qdXN6IHRlcmFwZXV0eWN6bnkgYnVkb3dhbnkgdyB0ZWogZm9ybWllIGplc3QgdGFrIHdhcnRvxZtjaW93eSwgamFrIHRlbiBidWRvd2FueSB3IGdhYmluZWNpZS5kcm9wQ2FwaGFzQ3VzdG9tQ1NTb3R0ZXJDb25kaXRpb25zaW5uZXJCbG9ja3NjbGllbnRJZGlzVmFsaWRvcmlnaW5hbENvbnRlbnRuYW1lYXR0cmlidXRlc2NvbnRlbnRQcnp5Z290b3dhbmllIGRvIHNwb3RrYW5pYSBvbmxpbmVkcm9wQ2FwaGFzQ3VzdG9tQ1NTb3R0ZXJDb25kaXRpb25zaW5uZXJCbG9ja3NjbGllbnRJZGlzVmFsaWRvcmlnaW5hbENvbnRlbnRuYW1lYXR0cmlidXRlc2NvbnRlbnROYWp3YcW8bmllanN6eSBwdW5rdCBwcnp5Z290b3dhxYQgdG8gdXBld25pZW5pZSBzacSZLCDFvGUgbWFteSBkemlhxYJhasSFY3kgc3ByesSZdCwgcHJ6ZXoga3TDs3J5IHBvxYLEhWN6eW15IHNpxJkgeiB0ZXJhcGV1dMSFLiBTcG90a2FuaWUmbmJzcDsgbW\/FvG5hIG5hdG9taWFzdCBvZGJ5xIcgemFyw7N3bm8gcHJ6ZXoga29tcHV0ZXIsIGphayBpIHByemV6IHRlbGVmb24sIGFsZSB3IHdpxJlrc3pvxZtjaSBwcnp5cGFka8OzdyBwb8WCxIVjemVuaWUgc2nEmSBuYSBzcG90a2FuaWUgcHJ6ZXoga29tcHV0ZXIvbGFwdG9wYSBtb8W8ZSBiecSHIHd5Z29kbmllanN6ZS4gV2FydG8gdGFrxbxlIHVwZXduacSHIHNpxJksIGN6eSB3IG5hc3p5bSBzcHJ6xJljaWUgd3N6eXN0a28gZHppYcWCYSAoSW50ZXJuZXQsIHN5c3RlbSBkxbp3acSZa293eSwga2FtZXJrYSksIGFieSB1bmlrbsSFxIcgZG9kYXRrb3dlZ28gc3RyZXN1IHNwb3dvZG93YW5lZ28gdHJ1ZG5vxZtjaWFtaSB0ZWNobmljem55bWkganXFvCB3IHRyYWtjaWUgc3BvdGthbmlhLmRyb3BDYXBoYXNDdXN0b21DU1NvdHRlckNvbmRpdGlvbnNpbm5lckJsb2Nrc2NsaWVudElkaXNWYWxpZG9yaWdpbmFsQ29udGVudG5hbWVhdHRyaWJ1dGVzY29udGVudEJhcmR6byB3YcW8bmUgamVzdCByw7N3bmllxbwsIGFieSB6YXBld25pxIcgc29iaWUga29tZm9ydG93ZSB3YXJ1bmtpIHJvem1vd3kg4oCTIG5hamxlcGllaiBqZXN0IG9kYnl3YcSHIHRlcmFwacSZIHcgZ29kemluYWNoLCBnZHkgdyBuYXN6eW0gbWllc3prYW5pdSBsdWIgYml1cnplIG5pa29nbyBuaWUgbWEgKGx1YiBwcnp5bmFqbW5pZWogdyB6YW1rbmnEmXR5bSBwb2tvanUgbyBkxbp3acSZa29zemN6ZWxueWNoIMWbY2lhbmFjaCkuIFcgc3l0dWFjamksIGdkeSBqZXN0IHRvIG5pZW1vxbxsaXdlLCBQYWNqZW5jaSBjesSZc3RvIHBvc3p1a3VqxIUgaW5ueWNoIHJvendpxIV6YcWELCBrdMOzcmUgdGFrxbxlIG9rYXp1asSFIHNpxJkgc2t1dGVjem5lOiBucC4gemFteWthasSFIHNpxJkgbmEgY3phcyB0ZXJhcGlpIHogbGFwdG9wZW0gdyBzYW1vY2hvZHppZS5kcm9wQ2FwaGFzQ3VzdG9tQ1NTb3R0ZXJDb25kaXRpb25zaW5uZXJCbG9ja3NjbGllbnRJZGlzVmFsaWRvcmlnaW5hbENvbnRlbnRuYW1lYXR0cmlidXRlc2NvbnRlbnRKZcWbbGkgZGVuZXJ3dWplc3ogc2nEmSB0eW0sIMW8ZSBuaWUgYsSZZHppZXN6IHdpZWR6aWHFgi9hLCBqYWsgemFjesSFxIcgcm96bW93xJkgcG9tb2NuZSBtb8W8ZSBva2F6YcSHIHNpxJkgc3Bpc2FuaWUgZ8WCw7N3bnljaCBpbmZvcm1hY2ppLCBrdMOzcmUgY2hjaWHFgi9hYnnFmyBwcnpla2F6YcSHLCBuYSBrYXJ0Y2UuIE5pZSBwcnplam11aiBzacSZIGplZG5haywgamXFm2xpIGLEmWR6aWVzeiBtaWHFgi9hIHRydWRub8WbxIcgeiBva3JlxZtsZW5pZW0gc3dvamVnbyBnxYLDs3duZWdvIHByb2JsZW11OiB0ZXJhcGV1dGEgcG9tb8W8ZSBDaSBwb3dpZWR6aWXEhyB0bywgY28gbmFqd2HFvG5pZWpzemUsIHVraWVydW5rb3d1asSFYyBDacSZIG9kcG93aWVkbmlvIHphZGF3YW55bWkgcHl0YW5pYW1pLmRyb3BDYXBoYXNDdXN0b21DU1NvdHRlckNvbmRpdGlvbnNpbm5lckJsb2NrczwhLS0gd3A6cGFyYWdyYXBoIC0tPgo8cD48c3Ryb25nPlNwb3RrYW5pYSBvbmxpbmU8L3N0cm9uZz4mbmJzcDtzxIUgb2Rwb3dpZWRuaWUgZGxhIGthxbxkZWdvLiBEemnEmWtpIHRlY2hub2xvZ2lpIG1hbXkgbW\/FvGxpd2\/Fm8SHIHByemVuaWVzaWVuaWEgZ2FiaW5ldHUgdGVyYXBldXR5Y3puZWdvIG5hIMWCxIVjemEgaW50ZXJuZXRvd2UsIGNvIGRhamUgd2llbGUgbW\/FvGxpd2\/Fm2NpLiBTcG90a2FuaWEgdGVyYXBldXR5Y3puZSBvbmxpbmUgamVzdCB0YWvFvGUgZG9icsSFIG9wY2rEhSBkbGEgb3PDs2IsIGt0w7NyZSAmbmJzcDttYWrEhSB0cnVkbm\/Fm2NpIHcga29udGFrdGFjaCBzcG\/FgmVjem55Y2ggaSBjaGPEhSBwb3Jvem1hd2lhxIcgemUgc3BlY2phbGlzdMSFIHplIHN3b2plZ28gZG9tdS4gTW\/FvGUgdG8gYnnEhyBwaWVyd3N6eSBrcm9rIGRvIHBva29uYW5pYSBpY2ggcHJvYmxlbcOzdy48L3A+CjwhLS0gL3dwOnBhcmFncmFwaCAtLT4KCjwhLS0gd3A6cGFyYWdyYXBoIC0tPgo8cD5Lb3J6ecWbY2k6PC9wPgo8IS0tIC93cDpwYXJhZ3JhcGggLS0+Cgo8IS0tIHdwOmxpc3QgLS0+Cjx1bCBjbGFzcz0id3AtYmxvY2stbGlzdCI+PCEtLSB3cDpsaXN0LWl0ZW0gLS0+CjxsaT5Pc3pjesSZZG5vxZvEhyBjemFzdSB6IHR5dHXFgnUgYnJha3UgZG9qYXpkw7N3IChuaWUgdHJ6ZWJhIHd5Y2hvZHppxIcgeiBkb211KTwvbGk+CjwhLS0gL3dwOmxpc3QtaXRlbSAtLT4KCjwhLS0gd3A6bGlzdC1pdGVtIC0tPgo8bGk+T3N6Y3rEmWRub8WbxIcgcGllbmnEmWR6eSB6IHR5dHXFgnUgYnJha3UgZG9qYXpkw7N3PC9saT4KPCEtLSAvd3A6bGlzdC1pdGVtIC0tPgoKPCEtLSB3cDpsaXN0LWl0ZW0gLS0+CjxsaT5EdcW8YSBlbGFzdHljem5vxZvEhyB3IGRvYm9yemUgdGVybWluw7N3PC9saT4KPCEtLSAvd3A6bGlzdC1pdGVtIC0tPgoKPCEtLSB3cDpsaXN0LWl0ZW0gLS0+CjxsaT5EdcW8YSBkb3N0xJlwbm\/Fm8SHLCBzemN6ZWfDs2xuaWUgdyBwcnp5cGFka3UgbW5pZWpzenljaCBtaWVqc2Nvd2\/Fm2NpLCB3IGt0w7NyeWNoIG5pZSBtYSBzcGVjamFsaXN0w7N3PC9saT4KPCEtLSAvd3A6bGlzdC1pdGVtIC0tPgoKPCEtLSB3cDpsaXN0LWl0ZW0gLS0+CjxsaT5OaWVvZ3Jhbmljem9uYSB0ZXJ5dG9yaWFsbmllIGRvc3TEmXBub8WbxIc8L2xpPgo8IS0tIC93cDpsaXN0LWl0ZW0gLS0+Cgo8IS0tIHdwOmxpc3QtaXRlbSAtLT4KPGxpPk1vxbxsaXdvxZvEhyBrb3J6eXN0YW5pYSB6IHRlcmFwaWkgemEgZ3JhbmljxIU8L2xpPgo8IS0tIC93cDpsaXN0LWl0ZW0gLS0+Cgo8IS0tIHdwOmxpc3QtaXRlbSAtLT4KPGxpPk1vxbxsaXdvxZvEhyBrb3J6eXN0YW5pYSBwb2RjemFzIHd5amF6ZMOzdyBzxYJ1xbxib3d5Y2ggbHViIHdha2FjeWpueWNoPC9saT4KPCEtLSAvd3A6bGlzdC1pdGVtIC0tPgoKPCEtLSB3cDpsaXN0LWl0ZW0gLS0+CjxsaT5QcnplcHJvd2FkemFuaWUgc3BvdGthxYQgd2Ugd8WCYXNueW0gZG9tdSB3IGtvbWZvcnRvd3ljaCB3YXJ1bmthY2g8L2xpPgo8IS0tIC93cDpsaXN0LWl0ZW0gLS0+Cgo8IS0tIHdwOmxpc3QtaXRlbSAtLT4KPGxpPld5c29raWUgcG9jenVjaWUgYmV6cGllY3plxYRzdHdhPC9saT4KPCEtLSAvd3A6bGlzdC1pdGVtIC0tPgoKPCEtLSB3cDpsaXN0LWl0ZW0gLS0+CjxsaT5Ta3V0ZWN6bmEgaSBkb3N0xJlwbmEgb2Nocm9uYSB6ZHJvd2lhIHBzeWNoaWN6bmVnbzwvbGk+CjwhLS0gL3dwOmxpc3QtaXRlbSAtLT4KCjwhLS0gd3A6bGlzdC1pdGVtIC0tPgo8bGk+U3pjemVnw7NsbmllIHBvbGVjYW5hIGZvcm1hLCBnZHkgZG90eWN6eSBDaWViaWUgZm9iaWEgc3BvxYJlY3puYTwvbGk+CjwhLS0gL3dwOmxpc3QtaXRlbSAtLT4KCjwhLS0gd3A6bGlzdC1pdGVtIC0tPgo8bGk+WmFjaG93YW5pZSBkeXNrcmVjamkg4oCTIFR5IHd5YmllcmFzeiBtaWVqc2NlIHcga3TDs3J5bSBvZGJ5d2FzeiBzZXNqZTwvbGk+CjwhLS0gL3dwOmxpc3QtaXRlbSAtLT4KCjwhLS0gd3A6bGlzdC1pdGVtIC0tPgo8bGk+UG91Zm5vxZvEhyBpIGJlenBpZWN6ZcWEc3R3byBpbmZvcm1hY2ppIOKAkyB0cmFuc21pc2phIG9icmF6dSBpIGTFundpxJlrdSBzxIUgc3p5ZnJvd2FuZSBwcnpleiB3acSZa3N6b8WbxIcga29tdW5pa2F0b3LDs3csIGEgZG9kYXRrb3dvIHNwb3RrYW5pZSBqZXN0IGNocm9uaW9uZSBwcnpleiBWUE4uPC9saT4KPCEtLSAvd3A6bGlzdC1pdGVtIC0tPgoKPCEtLSB3cDpsaXN0LWl0ZW0gLS0+CjxsaT5OacW8c3p5IGtvc3p0IHNhbWVqIHdpenl0eTwvbGk+CjwhLS0gL3dwOmxpc3QtaXRlbSAtLT4KCjwhLS0gd3A6bGlzdC1pdGVtIC0tPgo8bGk+V3lnb2RuZSBlbGVrdHJvbmljem5lIGZvcm15IHDFgmF0bm\/Fm2NpPC9saT4KPCEtLSAvd3A6bGlzdC1pdGVtIC0tPjwvdWw+CjwhLS0gL3dwOmxpc3QgLS0+Cgo8IS0tIHdwOnBhcmFncmFwaCAtLT4KPHA+QmFkYW5pYSBuYXVrb3dlIHdza2F6dWrEhSwgxbxlIG5pZSBtYSByw7PFvG5pY3kgdyBlZmVrdGFjaCBwcmFjeSBvbmxpbmUgYSB0d2FyesSFIHcgdHdhcnosIGEgc29qdXN6IHRlcmFwZXV0eWN6bnkgYnVkb3dhbnkgdyB0ZWogZm9ybWllIGplc3QgdGFrIHdhcnRvxZtjaW93eSwgamFrIHRlbiBidWRvd2FueSB3IGdhYmluZWNpZS48L3A+CjwhLS0gL3dwOnBhcmFncmFwaCAtLT4KCjwhLS0gd3A6cGFyYWdyYXBoIC0tPgo8cD5Qcnp5Z290b3dhbmllIGRvIHNwb3RrYW5pYSBvbmxpbmU8L3A+CjwhLS0gL3dwOnBhcmFncmFwaCAtLT4KCjwhLS0gd3A6cGFyYWdyYXBoIC0tPgo8cD5OYWp3YcW8bmllanN6eSBwdW5rdCBwcnp5Z290b3dhxYQgdG8gdXBld25pZW5pZSBzacSZLCDFvGUgbWFteSBkemlhxYJhasSFY3kgc3ByesSZdCwgcHJ6ZXoga3TDs3J5IHBvxYLEhWN6eW15IHNpxJkgeiB0ZXJhcGV1dMSFLiBTcG90a2FuaWUmbmJzcDsgbW\/FvG5hIG5hdG9taWFzdCBvZGJ5xIcgemFyw7N3bm8gcHJ6ZXoga29tcHV0ZXIsIGphayBpIHByemV6IHRlbGVmb24sIGFsZSB3IHdpxJlrc3pvxZtjaSBwcnp5cGFka8OzdyBwb8WCxIVjemVuaWUgc2nEmSBuYSBzcG90a2FuaWUgcHJ6ZXoga29tcHV0ZXIvbGFwdG9wYSBtb8W8ZSBiecSHIHd5Z29kbmllanN6ZS4gV2FydG8gdGFrxbxlIHVwZXduacSHIHNpxJksIGN6eSB3IG5hc3p5bSBzcHJ6xJljaWUgd3N6eXN0a28gZHppYcWCYSAoSW50ZXJuZXQsIHN5c3RlbSBkxbp3acSZa293eSwga2FtZXJrYSksIGFieSB1bmlrbsSFxIcgZG9kYXRrb3dlZ28gc3RyZXN1IHNwb3dvZG93YW5lZ28gdHJ1ZG5vxZtjaWFtaSB0ZWNobmljem55bWkganXFvCB3IHRyYWtjaWUgc3BvdGthbmlhLjwvcD4KPCEtLSAvd3A6cGFyYWdyYXBoIC0tPgoKPCEtLSB3cDpwYXJhZ3JhcGggLS0+CjxwPkJhcmR6byB3YcW8bmUgamVzdCByw7N3bmllxbwsIGFieSB6YXBld25pxIcgc29iaWUga29tZm9ydG93ZSB3YXJ1bmtpIHJvem1vd3kg4oCTIG5hamxlcGllaiBqZXN0IG9kYnl3YcSHIHRlcmFwacSZIHcgZ29kemluYWNoLCBnZHkgdyBuYXN6eW0gbWllc3prYW5pdSBsdWIgYml1cnplIG5pa29nbyBuaWUgbWEgKGx1YiBwcnp5bmFqbW5pZWogdyB6YW1rbmnEmXR5bSBwb2tvanUgbyBkxbp3acSZa29zemN6ZWxueWNoIMWbY2lhbmFjaCkuIFcgc3l0dWFjamksIGdkeSBqZXN0IHRvIG5pZW1vxbxsaXdlLCBQYWNqZW5jaSBjesSZc3RvIHBvc3p1a3VqxIUgaW5ueWNoIHJvendpxIV6YcWELCBrdMOzcmUgdGFrxbxlIG9rYXp1asSFIHNpxJkgc2t1dGVjem5lOiBucC4gemFteWthasSFIHNpxJkgbmEgY3phcyB0ZXJhcGlpIHogbGFwdG9wZW0gdyBzYW1vY2hvZHppZS48L3A+CjwhLS0gL3dwOnBhcmFncmFwaCAtLT4KCjwhLS0gd3A6cGFyYWdyYXBoIC0tPgo8cD5KZcWbbGkgZGVuZXJ3dWplc3ogc2nEmSB0eW0sIMW8ZSBuaWUgYsSZZHppZXN6IHdpZWR6aWHFgi9hLCBqYWsgemFjesSFxIcgcm96bW93xJkgcG9tb2NuZSBtb8W8ZSBva2F6YcSHIHNpxJkgc3Bpc2FuaWUgZ8WCw7N3bnljaCBpbmZvcm1hY2ppLCBrdMOzcmUgY2hjaWHFgi9hYnnFmyBwcnpla2F6YcSHLCBuYSBrYXJ0Y2UuIE5pZSBwcnplam11aiBzacSZIGplZG5haywgamXFm2xpIGLEmWR6aWVzeiBtaWHFgi9hIHRydWRub8WbxIcgeiBva3JlxZtsZW5pZW0gc3dvamVnbyBnxYLDs3duZWdvIHByb2JsZW11OiB0ZXJhcGV1dGEgcG9tb8W8ZSBDaSBwb3dpZWR6aWXEhyB0bywgY28gbmFqd2HFvG5pZWpzemUsIHVraWVydW5rb3d1asSFYyBDacSZIG9kcG93aWVkbmlvIHphZGF3YW55bWkgcHl0YW5pYW1pLjwvcD4KPCEtLSAvd3A6cGFyYWdyYXBoIC0tPgUHCAQIBggFCAcIBwgGCA4IDggLSAEEJRgJFBgPGAgGAQ8FBwgEBQcFBwgHBApHAAwPCw+YBggHDwQKBwkHDA8LCAcPBAoHBgwPCwgHDwQKB4cBDA8LCAcPBAoHLQwPCwgHDwQKByQMDwsIBw8ECgefAQwPCwgHDwQKBycMDwsIBw8ECgcqDA8LCAcPBAoHgQEMDwsIBw8ECgeAAQwPCwgHDwQKBx8MDwsIBw8ECgcxDA8LCAcPBAoHPgwPCwgHDwQKB4MBDA8LCAcPBAoHnwIMDwsIBw8ECgcZDA8LCAcPBAoHJQwPCwgHDwQKB7YCBwwPCwgHDwQKByEHDA8LCAcPBAoHswcHDA8LCAcPBAoHmgYHDA8LCAcPBAoHsgUHDA8LsD8LAQMAAAEHAAYBBABfQgEBAEEAAgBBAAIAQQAAQQACAEEAAgBBAAIAQQACAEEAAgBBAAIAQQACAEEAAgBBAAIAQQACAEEAAgBBAAIAQQACAEEAAgBBAAIAQQACAEEAAgBBAAIAQQACAEEAAgAGQQEcQaUBAhkAfQF9AX0AdwZjbG9zZWR3BmNsb3NlZHcAeXcAdwB3AHcAdwB+dwdwdWJsaXNoiwIAdxMyMDI2LTA0LTEyVDEwOjM4OjIwdw9kbGFjemVnby1vbmxpbmV7QnnYDaIRAAB9rffz9AR3JGU4OGI5ODk3LWI0MDYtNDQ5NS1iOTI1LWNlZmFkZTkzZjNhM3h3DmNvcmUvcGFyYWdyYXBoeXl1AHckMWVjOWNhNWUtMzdjZi00ZjQwLTgzNzctMTdjMjBjN2JhNzYwd68DPHA+PHN0cm9uZz5TcG90a2FuaWEgb25saW5lPC9zdHJvbmc+wqBzxIUgb2Rwb3dpZWRuaWUgZGxhIGthxbxkZWdvLiBEemnEmWtpIHRlY2hub2xvZ2lpIG1hbXkgbW\/FvGxpd2\/Fm8SHIHByemVuaWVzaWVuaWEgZ2FiaW5ldHUgdGVyYXBldXR5Y3puZWdvIG5hIMWCxIVjemEgaW50ZXJuZXRvd2UsIGNvIGRhamUgd2llbGUgbW\/FvGxpd2\/Fm2NpLiBTcG90a2FuaWEgdGVyYXBldXR5Y3puZSBvbmxpbmUgamVzdCB0YWvFvGUgZG9icsSFIG9wY2rEhSBkbGEgb3PDs2IsIGt0w7NyZSDCoG1hasSFIHRydWRub8WbY2kgdyBrb250YWt0YWNoIHNwb8WCZWN6bnljaCBpIGNoY8SFIHBvcm96bWF3aWHEhyB6ZSBzcGVjamFsaXN0xIUgemUgc3dvamVnbyBkb211LiBNb8W8ZSB0byBiecSHIHBpZXJ3c3p5IGtyb2sgZG8gcG9rb25hbmlhIGljaCBwcm9ibGVtw7N3LjwvcD53JDY3YWM0ZmFjLTBlZWMtNDM1Yy1iZWZiLWI1MGRlNDU0NDhjNnh3ETxwPktvcnp5xZtjaTo8L3A+dw5jb3JlL3BhcmFncmFwaHl5dQB3JGFmN2NlOTg3LWJhNDUtNGNjZS04OTlkLWYwODQwN2U3MzBlY3h3Ozx1bCBjbGFzcz0id3AtYmxvY2stbGlzdCI+CgoKCgoKCgoKCgoKCgoKCgoKCgoKCgoKCgoKCjwvdWw+dwljb3JlL2xpc3R5dwB5dQB3JDg1NzIzMGYyLWRkZjQtNGY2Mi1iNGMyLTdiMzQ5MjRhMDcwNXh3VjxsaT5Pc3pjesSZZG5vxZvEhyBjemFzdSB6IHR5dHXFgnUgYnJha3UgZG9qYXpkw7N3IChuaWUgdHJ6ZWJhIHd5Y2hvZHppxIcgeiBkb211KTwvbGk+dw5jb3JlL2xpc3QtaXRlbXl1AHckOWIzNzc2NmMtNTkzOC00ZDhkLWJiODQtZjMzNjU4YjNhMmEweHc8PGxpPk9zemN6xJlkbm\/Fm8SHIHBpZW5pxJlkenkgeiB0eXR1xYJ1IGJyYWt1IGRvamF6ZMOzdzwvbGk+dw5jb3JlL2xpc3QtaXRlbXl1AHckZDAwZTA2ZDQtMDZiZC00NDYxLTk5NDUtNTRkYmVjNmM1MGNjeHcxPGxpPkR1xbxhIGVsYXN0eWN6bm\/Fm8SHIHcgZG9ib3J6ZSB0ZXJtaW7Ds3c8L2xpPncOY29yZS9saXN0LWl0ZW15dQB3JDFlYWZmOTY4LTkyZDUtNDRjZi04NGY3LWExYWUxOGYzN2M0NXh3cDxsaT5EdcW8YSBkb3N0xJlwbm\/Fm8SHLCBzemN6ZWfDs2xuaWUgdyBwcnp5cGFka3UgbW5pZWpzenljaCBtaWVqc2Nvd2\/Fm2NpLCB3IGt0w7NyeWNoIG5pZSBtYSBzcGVjamFsaXN0w7N3PC9saT53DmNvcmUvbGlzdC1pdGVteXUAdyQ0YWQ4MDkxOS1hMmQ3LTRlM2YtODU4YS05YmNmMjE5MzVkZDl4dzM8bGk+Tmllb2dyYW5pY3pvbmEgdGVyeXRvcmlhbG5pZSBkb3N0xJlwbm\/Fm8SHPC9saT53DmNvcmUvbGlzdC1pdGVteXUAdyQ3YzAyOWFmNS1iN2Q4LTRkZTgtYTRmZS1lOGExNmVmYjZhNjJ4dzc8bGk+TW\/FvGxpd2\/Fm8SHIGtvcnp5c3RhbmlhIHogdGVyYXBpaSB6YSBncmFuaWPEhTwvbGk+dw5jb3JlL2xpc3QtaXRlbXl1AHckY2FjMGZlNDUtZWFkNy00ZTBhLTg4ZmEtZWNmNzAzMTcyMWI0eHdQPGxpPk1vxbxsaXdvxZvEhyBrb3J6eXN0YW5pYSBwb2RjemFzIHd5amF6ZMOzdyBzxYJ1xbxib3d5Y2ggbHViIHdha2FjeWpueWNoPC9saT53DmNvcmUvbGlzdC1pdGVteXUAdyQ3ODcxYTllNi1lY2Y1LTQ0MTUtODVkNC1iMTg3YTk3MmJhZDh4d0s8bGk+UHJ6ZXByb3dhZHphbmllIHNwb3RrYcWEIHdlIHfFgmFzbnltIGRvbXUgdyBrb21mb3J0b3d5Y2ggd2FydW5rYWNoPC9saT53DmNvcmUvbGlzdC1pdGVteXUAdyRiNTZiYjc1Yi1lZTY0LTQyMDYtODkwYi0yNDM3YTQzYzljZDR4dyk8bGk+V3lzb2tpZSBwb2N6dWNpZSBiZXpwaWVjemXFhHN0d2E8L2xpPncOY29yZS9saXN0LWl0ZW15dQB3JDRlZWU0ZmIyLTg0MWMtNGY3OS1hY2NjLTdlNzZjYTk1M2Q1YXh3OzxsaT5Ta3V0ZWN6bmEgaSBkb3N0xJlwbmEgb2Nocm9uYSB6ZHJvd2lhIHBzeWNoaWN6bmVnbzwvbGk+dw5jb3JlL2xpc3QtaXRlbXl1AHckZWMxOTQ2ODItY2YyYi00NWVlLWI3ZTMtYjM2YzA0YzIwMDc2eHdJPGxpPlN6Y3plZ8OzbG5pZSBwb2xlY2FuYSBmb3JtYSwgZ2R5IGRvdHljenkgQ2llYmllIGZvYmlhIHNwb8WCZWN6bmE8L2xpPncOY29yZS9saXN0LWl0ZW15dQB3JDdiMWZhODQ0LWUwNzYtNDc3Ni1iM2QwLTkxODFjY2JjOGMyMXh3TzxsaT5aYWNob3dhbmllIGR5c2tyZWNqaSDigJMgVHkgd3liaWVyYXN6IG1pZWpzY2UgdyBrdMOzcnltIG9kYnl3YXN6IHNlc2plPC9saT53DmNvcmUvbGlzdC1pdGVteXUAdyQ0ZDU2OWRjYS1mMTJlLTRhMmQtODIwOC03ODEwZTg5NTkzYWF4d7QBPGxpPlBvdWZub8WbxIcgaSBiZXpwaWVjemXFhHN0d28gaW5mb3JtYWNqaSDigJMgdHJhbnNtaXNqYSBvYnJhenUgaSBkxbp3acSZa3Ugc8SFIHN6eWZyb3dhbmUgcHJ6ZXogd2nEmWtzem\/Fm8SHIGtvbXVuaWthdG9yw7N3LCBhIGRvZGF0a293byBzcG90a2FuaWUgamVzdCBjaHJvbmlvbmUgcHJ6ZXogVlBOLjwvbGk+dw5jb3JlL2xpc3QtaXRlbXl1AHckY2Q4YWUyMjQtZTg3My00ZTI0LWE3ZjYtNTQ4OTExMDZiMTdieHcjPGxpPk5pxbxzenkga29zenQgc2FtZWogd2l6eXR5PC9saT53DmNvcmUvbGlzdC1pdGVteXUAdyQ4NDMwZTk0NS01ZmJlLTRlNTktOTBmZS1iODM1YjY1MGJkZDR4dzA8bGk+V3lnb2RuZSBlbGVrdHJvbmljem5lIGZvcm15IHDFgmF0bm\/Fm2NpPC9saT53DmNvcmUvbGlzdC1pdGVteXUAdyQ4ZWZkNWY3ZS1hOGNkLTQxODgtODRmZC1kNTExMDhiNjM1N2J4d8MBPHA+QmFkYW5pYSBuYXVrb3dlIHdza2F6dWrEhSwgxbxlIG5pZSBtYSByw7PFvG5pY3kgdyBlZmVrdGFjaCBwcmFjeSBvbmxpbmUgYSB0d2FyesSFIHcgdHdhcnosIGEgc29qdXN6IHRlcmFwZXV0eWN6bnkgYnVkb3dhbnkgdyB0ZWogZm9ybWllIGplc3QgdGFrIHdhcnRvxZtjaW93eSwgamFrIHRlbiBidWRvd2FueSB3IGdhYmluZWNpZS48L3A+dw5jb3JlL3BhcmFncmFwaHl5dQB3JDE0MzM0NmJjLWM0Y2ItNGY4NS1iNDBkLWFiMzM5YmExNWIzZXh3KDxwPlByenlnb3Rvd2FuaWUgZG8gc3BvdGthbmlhIG9ubGluZTwvcD53DmNvcmUvcGFyYWdyYXBoeXl1AHckZDNiNjAyNzAtOGQ2ZC00MDkxLWEyMDQtYzc2ZmM5OTUwYjU3eHeYBDxwPk5handhxbxuaWVqc3p5IHB1bmt0IHByenlnb3Rvd2HFhCB0byB1cGV3bmllbmllIHNpxJksIMW8ZSBtYW15IGR6aWHFgmFqxIVjeSBzcHJ6xJl0LCBwcnpleiBrdMOzcnkgcG\/FgsSFY3p5bXkgc2nEmSB6IHRlcmFwZXV0xIUuIFNwb3RrYW5pZcKgIG1vxbxuYSBuYXRvbWlhc3Qgb2RiecSHIHphcsOzd25vIHByemV6IGtvbXB1dGVyLCBqYWsgaSBwcnpleiB0ZWxlZm9uLCBhbGUgdyB3acSZa3N6b8WbY2kgcHJ6eXBhZGvDs3cgcG\/FgsSFY3plbmllIHNpxJkgbmEgc3BvdGthbmllIHByemV6IGtvbXB1dGVyL2xhcHRvcGEgbW\/FvGUgYnnEhyB3eWdvZG5pZWpzemUuIFdhcnRvIHRha8W8ZSB1cGV3bmnEhyBzacSZLCBjenkgdyBuYXN6eW0gc3ByesSZY2llIHdzenlzdGtvIGR6aWHFgmEgKEludGVybmV0LCBzeXN0ZW0gZMW6d2nEmWtvd3ksIGthbWVya2EpLCBhYnkgdW5pa27EhcSHIGRvZGF0a293ZWdvIHN0cmVzdSBzcG93b2Rvd2FuZWdvIHRydWRub8WbY2lhbWkgdGVjaG5pY3pueW1pIGp1xbwgdyB0cmFrY2llIHNwb3RrYW5pYS48L3A+dw5jb3JlL3BhcmFncmFwaHl5dQB3JGU3YmUzNTVjLWE3OTUtNDNmNS1hOWRmLWUyMGM4Nzc5ZmQ3N3h3uAM8cD5CYXJkem8gd2HFvG5lIGplc3QgcsOzd25pZcW8LCBhYnkgemFwZXduacSHIHNvYmllIGtvbWZvcnRvd2Ugd2FydW5raSByb3ptb3d5IOKAkyBuYWpsZXBpZWogamVzdCBvZGJ5d2HEhyB0ZXJhcGnEmSB3IGdvZHppbmFjaCwgZ2R5IHcgbmFzenltIG1pZXN6a2FuaXUgbHViIGJpdXJ6ZSBuaWtvZ28gbmllIG1hIChsdWIgcHJ6eW5ham1uaWVqIHcgemFta25pxJl0eW0gcG9rb2p1IG8gZMW6d2nEmWtvc3pjemVsbnljaCDFm2NpYW5hY2gpLiBXIHN5dHVhY2ppLCBnZHkgamVzdCB0byBuaWVtb8W8bGl3ZSwgUGFjamVuY2kgY3rEmXN0byBwb3N6dWt1asSFIGlubnljaCByb3p3acSFemHFhCwga3TDs3JlIHRha8W8ZSBva2F6dWrEhSBzacSZIHNrdXRlY3puZTogbnAuIHphbXlrYWrEhSBzacSZIG5hIGN6YXMgdGVyYXBpaSB6IGxhcHRvcGVtIHcgc2Ftb2Nob2R6aWUuPC9wPncOY29yZS9wYXJhZ3JhcGh5eXUAdyQxOTA5OWQ2Ni0yOWY2LTQ0MzgtOWM3NC05M2E2YjczNjAyMTZ4d5gDPHA+SmXFm2xpIGRlbmVyd3VqZXN6IHNpxJkgdHltLCDFvGUgbmllIGLEmWR6aWVzeiB3aWVkemlhxYIvYSwgamFrIHphY3rEhcSHIHJvem1vd8SZIHBvbW9jbmUgbW\/FvGUgb2themHEhyBzacSZIHNwaXNhbmllIGfFgsOzd255Y2ggaW5mb3JtYWNqaSwga3TDs3JlIGNoY2lhxYIvYWJ5xZsgcHJ6ZWthemHEhywgbmEga2FydGNlLiBOaWUgcHJ6ZWptdWogc2nEmSBqZWRuYWssIGplxZtsaSBixJlkemllc3ogbWlhxYIvYSB0cnVkbm\/Fm8SHIHogb2tyZcWbbGVuaWVtIHN3b2plZ28gZ8WCw7N3bmVnbyBwcm9ibGVtdTogdGVyYXBldXRhIHBvbW\/FvGUgQ2kgcG93aWVkemllxIcgdG8sIGNvIG5handhxbxuaWVqc3plLCB1a2llcnVua293dWrEhWMgQ2nEmSBvZHBvd2llZG5pbyB6YWRhd2FueW1pIHB5dGFuaWFtaS48L3A+dw5jb3JlL3BhcmFncmFwaHl5dQACttaAmQ0DAQEBGyAA7fu5ugICAAAFAA==\",\"updateId\":256781174}","_themeisle_gutenberg_block_has_review":false,"_coachify_sidebar_layout":"","footnotes":""},"class_list":["post-629","page","type-page","status-publish","hentry","image-hover-transition-effect"],"_links":{"self":[{"href":"https:\/\/mbz.pl\/index.php?rest_route=\/wp\/v2\/pages\/629","targetHints":{"allow":["GET"]}}],"collection":[{"href":"https:\/\/mbz.pl\/index.php?rest_route=\/wp\/v2\/pages"}],"about":[{"href":"https:\/\/mbz.pl\/index.php?rest_route=\/wp\/v2\/types\/page"}],"author":[{"embeddable":true,"href":"https:\/\/mbz.pl\/index.php?rest_route=\/wp\/v2\/users\/1"}],"replies":[{"embeddable":true,"href":"https:\/\/mbz.pl\/index.php?rest_route=%2Fwp%2Fv2%2Fcomments&post=629"}],"version-history":[{"count":3,"href":"https:\/\/mbz.pl\/index.php?rest_route=\/wp\/v2\/pages\/629\/revisions"}],"predecessor-version":[{"id":635,"href":"https:\/\/mbz.pl\/index.php?rest_route=\/wp\/v2\/pages\/629\/revisions\/635"}],"wp:attachment":[{"href":"https:\/\/mbz.pl\/index.php?rest_route=%2Fwp%2Fv2%2Fmedia&parent=629"}],"curies":[{"name":"wp","href":"https:\/\/api.w.org\/{rel}","templated":true}]}}