{"id":252,"date":"2025-11-07T18:35:10","date_gmt":"2025-11-07T17:35:10","guid":{"rendered":"https:\/\/mbz.pl\/?page_id=252"},"modified":"2026-04-12T11:36:45","modified_gmt":"2026-04-12T09:36:45","slug":"kontakt","status":"publish","type":"page","link":"https:\/\/mbz.pl\/?page_id=252","title":{"rendered":"Kontakt"},"content":{"rendered":"\t\t<div data-elementor-type=\"wp-page\" data-elementor-id=\"252\" class=\"elementor elementor-252\">\n\t\t\t\t<div class=\"elementor-element elementor-element-87fff5b e-grid e-con-full e-con e-parent\" data-id=\"87fff5b\" data-element_type=\"container\" data-e-type=\"container\">\n\t\t<div class=\"elementor-element elementor-element-9326bb8 e-con-full e-flex e-con e-child\" data-id=\"9326bb8\" data-element_type=\"container\" data-e-type=\"container\">\n\t\t\t\t<div class=\"elementor-element elementor-element-667cb15 elementor-widget elementor-widget-text-editor\" data-id=\"667cb15\" data-element_type=\"widget\" data-e-type=\"widget\" data-widget_type=\"text-editor.default\">\n\t\t\t\t<div class=\"elementor-widget-container\">\n\t\t\t\t\t\t\t\t\t<p>Spotkania odbywaj\u0105 si\u0119 online, wykorzystuj\u0105c komunikatory:\u00a0 Teams, Meet, Signal, inne do uzgodnienia.<\/p><p>Zapisy:<br \/>telefonicznie: poniedzia\u0142ek &#8211; pi\u0105tek, w godzinach 9-20 pod numerem telefonu:<br \/><strong>+48 518\u00a0 268 848,\u00a0<\/strong><br \/>w przypadku nieodebrania telefonu oddzwoni\u0119 w ci\u0105gu 24 h, mo\u017cna te\u017c wys\u0142a\u0107 smsa<br \/>lub<br \/>e- mail: poczta@mbz.pl albo skorzysta\u0107 z formularza kontaktowego (obok)<\/p><p>Zapraszam<\/p>\t\t\t\t\t\t\t\t<\/div>\n\t\t\t\t<\/div>\n\t\t\t\t<\/div>\n\t\t\t\t<div class=\"elementor-element elementor-element-dede496 elementor-align-left elementor-button-info elementor-widget__width-auto elementor-widget elementor-widget-button\" data-id=\"dede496\" data-element_type=\"widget\" data-e-type=\"widget\" data-widget_type=\"button.default\">\n\t\t\t\t<div class=\"elementor-widget-container\">\n\t\t\t\t\t\t\t\t\t<div class=\"elementor-button-wrapper\">\n\t\t\t\t\t<a class=\"elementor-button elementor-button-link elementor-size-sm\" href=\"#\">\n\t\t\t\t\t\t<span class=\"elementor-button-content-wrapper\">\n\t\t\t\t\t\t\t\t\t<span class=\"elementor-button-text\">\n<div class=\"wpcf7 no-js\" id=\"wpcf7-f284-o1\" lang=\"pl-PL\" dir=\"ltr\" data-wpcf7-id=\"284\">\n<div class=\"screen-reader-response\"><p role=\"status\" aria-live=\"polite\" aria-atomic=\"true\"><\/p> <ul><\/ul><\/div>\n<form action=\"\/index.php?rest_route=%2Fwp%2Fv2%2Fpages%2F252#wpcf7-f284-o1\" method=\"post\" class=\"wpcf7-form init\" aria-label=\"Formularz kontaktowy\" novalidate=\"novalidate\" data-status=\"init\">\n<fieldset class=\"hidden-fields-container\"><input type=\"hidden\" name=\"_wpcf7\" value=\"284\" \/><input type=\"hidden\" name=\"_wpcf7_version\" value=\"6.1.5\" \/><input type=\"hidden\" name=\"_wpcf7_locale\" value=\"pl_PL\" \/><input type=\"hidden\" name=\"_wpcf7_unit_tag\" value=\"wpcf7-f284-o1\" \/><input type=\"hidden\" name=\"_wpcf7_container_post\" value=\"0\" \/><input type=\"hidden\" name=\"_wpcf7_posted_data_hash\" value=\"\" \/><input type=\"hidden\" name=\"_wpcf7_recaptcha_response\" value=\"\" \/>\n<\/fieldset>\n<p><label> Imi\u0119 i nazwisko<br \/>\n<span class=\"wpcf7-form-control-wrap\" data-name=\"your-name\"><input size=\"40\" maxlength=\"400\" class=\"wpcf7-form-control wpcf7-text wpcf7-validates-as-required\" autocomplete=\"name\" aria-required=\"true\" aria-invalid=\"false\" value=\"\" type=\"text\" name=\"your-name\" \/><\/span> <\/label>\n<\/p>\n<p><label> Adres e-mail<br \/>\n<span class=\"wpcf7-form-control-wrap\" data-name=\"your-email\"><input size=\"40\" maxlength=\"400\" class=\"wpcf7-form-control wpcf7-email wpcf7-validates-as-required wpcf7-text wpcf7-validates-as-email\" autocomplete=\"email\" aria-required=\"true\" aria-invalid=\"false\" value=\"\" type=\"email\" name=\"your-email\" \/><\/span> <\/label>\n<\/p>\n<p><label> Wiadomo\u015b\u0107<br \/>\n<span class=\"wpcf7-form-control-wrap\" data-name=\"your-message\"><textarea cols=\"40\" rows=\"10\" maxlength=\"2000\" class=\"wpcf7-form-control wpcf7-textarea\" aria-invalid=\"false\" name=\"your-message\"><\/textarea><\/span> <\/label>\n<\/p>\n<p><input class=\"wpcf7-form-control wpcf7-submit has-spinner\" type=\"submit\" value=\"Wy\u015blij\" \/>\n<\/p><div class=\"wpcf7-response-output\" aria-hidden=\"true\"><\/div>\n<\/form>\n<\/div>\n<\/span>\n\t\t\t\t\t<\/span>\n\t\t\t\t\t<\/a>\n\t\t\t\t<\/div>\n\t\t\t\t\t\t\t\t<\/div>\n\t\t\t\t<\/div>\n\t\t\t\t<\/div>\n\t\t\t\t<\/div>\n\t\t","protected":false},"excerpt":{"rendered":"<p>Spotkania odbywaj\u0105 si\u0119 online, wykorzystuj\u0105c komunikatory:\u00a0 Teams, Meet, Signal, inne do uzgodnienia. Zapisy:telefonicznie: poniedzia\u0142ek &#8211; pi\u0105tek, w godzinach 9-20 pod &hellip; <\/p>\n","protected":false},"author":1,"featured_media":0,"parent":0,"menu_order":0,"comment_status":"closed","ping_status":"closed","template":"","meta":{"_crdt_document":"{\"document\":\"AACmAqafgv8S9qPR1QYPoN\/W0gj2o9HVBgGmn4L\/Eraj0dUGpp+C\/xL2o9HVBgGmn4L\/Eraj0dUGpp+C\/xK2o9HVBqafgv8StqPR1Qamn4L\/Evaj0dUGAaafgv8S9qPR1QYC5p+C\/xIBtqPR1Qbg39bSCAG2o9HVBqDf1tIIpp+C\/xL2o9HVBgCg39bSCLaj0dUGoN\/W0gi2o9HVBqDf1tIItqPR1Qbg39bSCAG2o9HVBqDf1tIItqPR1Qbg39bSCAC2o9HVBuDf1tIICPaj0dUGAODf1tIIAbaj0dUG4N\/W0ggA9qPR1QYAoN\/W0gi2o9HVBqDf1tIItqPR1Qag39bSCLaj0dUG4N\/W0ggC9qPR1QYDoN\/W0gj2o9HVBgGg39bSCPaj0dUGMJYBvBDUDRykApIBqgISmgIu4A2KAxyyAoQBqgISmgIsAjamAdgQAwCiA9ABrAH2A6wHqgISmgLqCpgLugLkDgKsDtAOAQEIAQFI7AKiA9ABrAHYA44HqgISmgLqCnygDBbaDIgO\/g2SDtoQEAaKAw8ADJgCAgyEAQyeAgwGDI4CDhIMAgoCFgISmgECChYBBBACAQIKAQFKP6oDHKQCkgGqAhKaAi7gDVgErAboBgMBqA3kDZwOpgHUEAAOlAb8BQ0BABrMAbgBAwCcBNgEAwKWCw4WFJoBDH0oAKEAIQHBByEAwQuoAKEBxADBBcQAwQGoAocAKAInASgCJwDED4QAIQAoAicABAAnAAEAhACBAIQAgQCEAYEAhACBAIQAgQCEAIEAhACBAIQAgQCEAIEAhAKBAIQBgQCEACcAKAQnACgCIQAoACEAKAAnAAcAKAMnACgDJ5gKtAlzdGF0ZXZlcnNpb25zdGF0ZXNhdmVkQXRzdGF0ZXNhdmVkQnlzdGF0ZXZlcnNpb24KCmNsaWVudElkaXNWYWxpZG5hbWVhdHRyaWJ1dGVzY29udGVudGRyb3BDYXBoYXNDdXN0b21DU1NvdHRlckNvbmRpdGlvbnNpbm5lckJsb2NrczxwPjwvcD48cD48YnIgLz5iciAvPjw8YnIgLz48YnIgLz48YnIgLz48L3A+PHA+PC9wPnA+CQkJCQk8PGJyIC8+CQkJCQkJCQkJPGJyIC8+CQkJCQk8L3A+Cgo8IS0tIHdwOnBhcmFncmFwaCAtLT4KPHA+PC9wPgo8IS0tIC93cDpwYXJhZ3JhcGggLS0+c3RhdGV2ZXJzaW9uZG9jdW1lbnRkYXRlZG9jdW1lbnRzbHVnZG9jdW1lbnRzdGF0dXNkb2N1bWVudHRpdGxlS29udGFrdGRvY3VtZW50Y29udGVudFNwb3RrYW5pYSBvZGJ5d2FqxIUgc2nEmSBvbmxpbmUsIHd5a29yenlzdHVqxIVjIGtvbXVuaWthdG9yeTrCoCBUZWFtcywgTWVldCwgU2lnbmFsLCBpbm5lIGRvIHV6Z29kbmllbmlhLlphcGlzeTp0ZWxlZm9uaWN6bmllOiBwb25pZWR6aWHFgmVrIC0gcGnEhXRlaywgdyBnb2R6aW5hY2ggOS0yMCBwb2QgbnVtZXJlbSB0ZWxlZm9udTo8c3Ryb25nPis0OCA1MTjCoCAyNjggODQ4LMKgPC9zdHJvbmc+dyBwcnp5cGFka3Ugbmllb2RlYnJhbmlhIHRlbGVmb251IG9kZHp3b25pxJkgdyBjacSFZ3UgMjQgaCwgbW\/FvG5hIHRlxbwgd3lzxYJhxIcgc21zYWx1YmUtIG1haWw6IHBvY3p0YUBtYnoucGwgYWxibyBza29yenlzdGHEhyB6IGZvcm11bGFyemEga29udGFrdG93ZWdvIChvYm9rKVphcHJhc3phbQo8YSBocmVmPSIjIj4KW2NvbnRhY3QtZm9ybS03IGlkPSIyYjlkOTRiIiB0aXRsZT0iTmFwaXN6OiJdCjwvYT5kb2N1bWVudGV4Y2VycHRkb2N1bWVudGF1dGhvcmRvY3VtZW50ZmVhdHVyZWRfbWVkaWFkb2N1bWVudGNvbW1lbnRfc3RhdHVzZG9jdW1lbnRwaW5nX3N0YXR1c2RvY3VtZW50dGVtcGxhdGVkb2N1bWVudG1ldGFfdGhlbWVpc2xlX2d1dGVuYmVyZ19ibG9ja19oYXNfcmV2aWV3X2NvYWNoaWZ5X3NpZGViYXJfbGF5b3V0Zm9vdG5vdGVzX2VsZW1lbnRvcl9lZGl0X21vZGVfZWxlbWVudG9yX3RlbXBsYXRlX3R5cGVfZWxlbWVudG9yX2RhdGFfZWxlbWVudG9yX3BhZ2Vfc2V0dGluZ3Nkb2N1bWVudGJsb2Nrc2NsaWVudElkaXNWYWxpZG9yaWdpbmFsQ29udGVudG5hbWVhdHRyaWJ1dGVzY29udGVudGhhc0N1c3RvbUNTU2N1c3RvbUNTU290dGVyQ29uZGl0aW9uc2lubmVyQmxvY2tzBQcFBwUHBQdBAAgHBApHAAwPCwMEA0YDBAMECAYJBgU6BQcIBAgECAYIBQcIB6UBB4wBASKPAQOHAQlBAAsBLQEECAcIBggOCA4IC0gBBCUYCRQYDxgIBggHDwQKBwwJDwsTAQMACAEEAAABAAAAAQYABgEAAAtBAAIAQgEBAEEAAB5BAgJBAwJBAAMHRgMHBgUJBUEWAwdGAwcGBQkFQRIDDAB9ATgAd+MUW3siaWQiOiI4N2ZmZjViIiwiZWxUeXBlIjoiY29udGFpbmVyIiwic2V0dGluZ3MiOnsiZmxleF9kaXJlY3Rpb24iOiJyb3ciLCJmbGV4X3dyYXAiOiJ3cmFwIiwiZmxleF9nYXAiOnsidW5pdCI6InB4Iiwic2l6ZSI6MCwiY29sdW1uIjoiMCIsInJvdyI6IjAifSwiY29udGFpbmVyX3R5cGUiOiJncmlkIiwid2lkdGgiOnsidW5pdCI6IiUiLCJzaXplIjoxMDAsInNpemVzIjpbXX0sImdyaWRfY29sdW1uc19ncmlkIjp7InVuaXQiOiJmciIsInNpemUiOjIsInNpemVzIjpbXX0sImdyaWRfcm93c19ncmlkIjp7InVuaXQiOiJmciIsInNpemUiOjEsInNpemVzIjpbXX0sIl9mbGV4X3NpemUiOiJub25lIiwiX2VsZW1lbnRfd2lkdGhfbm9uZSI6ImluaXRpYWwiLCJ3aWR0aF9ub25lIjp7InNpemUiOjk3Mi42fSwicHJlc2V0VGl0bGUiOiJTaWF0a2EiLCJwcmVzZXRJY29uIjoiZWljb24tY29udGFpbmVyLWdyaWQiLCJjb250ZW50X3dpZHRoIjoiZnVsbCIsImdyaWRfanVzdGlmeV9pdGVtcyI6ImNlbnRlciJ9LCJlbGVtZW50cyI6W3siaWQiOiI5MzI2YmI4IiwiZWxUeXBlIjoiY29udGFpbmVyIiwic2V0dGluZ3MiOnsiZmxleF9kaXJlY3Rpb24iOiJjb2x1bW4iLCJjb250ZW50X3dpZHRoIjoiZnVsbCIsIndpZHRoIjp7InVuaXQiOiIlIiwic2l6ZSI6IjEwMCJ9LCJfZmxleF9zaXplIjoibm9uZSIsIl9lbGVtZW50X3dpZHRoX25vbmUiOiJpbml0aWFsIiwid2lkdGhfbm9uZSI6eyJzaXplIjo1MTAuMDM3fX0sImVsZW1lbnRzIjpbeyJpZCI6IjY2N2NiMTUiLCJlbFR5cGUiOiJ3aWRnZXQiLCJzZXR0aW5ncyI6eyJlZGl0b3IiOiI8cD5TcG90a2FuaWEgb2RieXdhalx1MDEwNSBzaVx1MDExOSBvbmxpbmUsIHd5a29yenlzdHVqXHUwMTA1YyBrb211bmlrYXRvcnk6XHUwMGEwIFRlYW1zLCBNZWV0LCBTaWduYWwsIGlubmUgZG8gdXpnb2RuaWVuaWEuPFwvcD48cD5aYXBpc3k6PGJyIFwvPnRlbGVmb25pY3puaWU6IHBvbmllZHppYVx1MDE0MmVrIC0gcGlcdTAxMDV0ZWssIHcgZ29kemluYWNoIDktMjAgcG9kIG51bWVyZW0gdGVsZWZvbnU6PGJyIFwvPjxzdHJvbmc+KzQ4IDUxOFx1MDBhMCAyNjggODQ4LFx1MDBhMDxcL3N0cm9uZz48YnIgXC8+dyBwcnp5cGFka3Ugbmllb2RlYnJhbmlhIHRlbGVmb251IG9kZHp3b25pXHUwMTE5IHcgY2lcdTAxMDVndSAyNCBoLCBtb1x1MDE3Y25hIHRlXHUwMTdjIHd5c1x1MDE0MmFcdTAxMDcgc21zYTxiciBcLz5sdWI8YnIgXC8+ZS0gbWFpbDogcG9jenRhQG1iei5wbCBhbGJvIHNrb3J6eXN0YVx1MDEwNyB6IGZvcm11bGFyemEga29udGFrdG93ZWdvIChvYm9rKTxcL3A+PHA+WmFwcmFzemFtPFwvcD4iLCJfZmxleF9zaXplIjoibm9uZSIsIl9lbGVtZW50X3dpZHRoX25vbmUiOiJpbml0aWFsIiwiX2VsZW1lbnRfY3VzdG9tX3dpZHRoX25vbmUiOnsic2l6ZSI6NDE5Ljh9fSwiZWxlbWVudHMiOltdLCJ3aWRnZXRUeXBlIjoidGV4dC1lZGl0b3IifV0sImlzSW5uZXIiOnRydWV9LHsiaWQiOiJkZWRlNDk2IiwiZWxUeXBlIjoid2lkZ2V0Iiwic2V0dGluZ3MiOnsidGV4dCI6Iltjb250YWN0LWZvcm0tNyBpZD1cIjJiOWQ5NGJcIiB0aXRsZT1cIk5hcGlzejpcIl0iLCJhbGlnbiI6ImNlbnRlciIsImJvcmRlcl9yYWRpdXMiOnsidW5pdCI6InB4IiwidG9wIjoiNSIsInJpZ2h0IjoiNSIsImJvdHRvbSI6IjUiLCJsZWZ0IjoiNSIsImlzTGlua2VkIjp0cnVlfSwidGV4dF9wYWRkaW5nIjp7InVuaXQiOiJweCIsInRvcCI6IjUiLCJyaWdodCI6IjUiLCJib3R0b20iOiI1IiwibGVmdCI6IjUiLCJpc0xpbmtlZCI6dHJ1ZX0sInR5cG9ncmFwaHlfdHlwb2dyYXBoeSI6ImN1c3RvbSIsInR5cG9ncmFwaHlfZm9udF93ZWlnaHQiOiI0MDAiLCJ0eXBvZ3JhcGh5X2ZvbnRfc3R5bGUiOiJub3JtYWwiLCJib3JkZXJfYm9yZGVyIjoic29saWQiLCJfX2dsb2JhbHNfXyI6eyJidXR0b25fdGV4dF9jb2xvciI6Imdsb2JhbHNcL2NvbG9ycz9pZD1oZWFkaW5nX2NvbG9yIiwiYm9yZGVyX2NvbG9yIjoiZ2xvYmFsc1wvY29sb3JzP2lkPWhlYWRpbmdfY29sb3IiLCJidXR0b25faG92ZXJfYm9yZGVyX2NvbG9yIjoiZ2xvYmFsc1wvY29sb3JzP2lkPWhlYWRpbmdfY29sb3IifSwiYnV0dG9uX2JhY2tncm91bmRfaG92ZXJfYmFja2dyb3VuZCI6IiIsImJ1dHRvbl9ob3Zlcl9ib3hfc2hhZG93X2JveF9zaGFkb3dfdHlwZSI6InllcyIsImJvcmRlcl93aWR0aCI6eyJ1bml0IjoicHgiLCJ0b3AiOiI1IiwicmlnaHQiOiI1IiwiYm90dG9tIjoiNSIsImxlZnQiOiI1IiwiaXNMaW5rZWQiOnRydWV9LCJidXR0b25fdHlwZSI6ImluZm8iLCJiYWNrZ3JvdW5kX2JhY2tncm91bmQiOiJncmFkaWVudCIsImJhY2tncm91bmRfY29sb3Jfc3RvcCI6eyJ1bml0IjoiJSIsInNpemUiOjI1LCJzaXplcyI6W119LCJfbWFyZ2luIjp7InVuaXQiOiJweCIsInRvcCI6IjAiLCJyaWdodCI6IjAiLCJib3R0b20iOiIwIiwibGVmdCI6IjAiLCJpc0xpbmtlZCI6dHJ1ZX0sIl9wYWRkaW5nIjp7InVuaXQiOiJweCIsInRvcCI6IjAiLCJyaWdodCI6IjAiLCJib3R0b20iOiIwIiwibGVmdCI6IjAiLCJpc0xpbmtlZCI6dHJ1ZX0sIl9lbGVtZW50X3dpZHRoIjoiYXV0byIsIl9mbGV4X29yZGVyIjoiZW5kIn0sImVsZW1lbnRzIjpbXSwid2lkZ2V0VHlwZSI6ImJ1dHRvbiJ9XSwiaXNJbm5lciI6ZmFsc2V9XXcAe0J52BCFtoAAfaDf1tIIdyQ2M2E0MGQ2OC04ZDAwLTRhZjgtYjgyYS1iYzkxYTE1NGY5YzF4dw5jb3JlL3BhcmFncmFwaHl5dQA9AHcTMjAyNS0xMS0wN1QxODozNToxMHcHa29udGFrdHcHcHVibGlzaH0BfQB3BmNsb3NlZHcGY2xvc2VkdwB5dwB3AHcHd3AtcGFnZX53JDIxYjQyNTFkLTE5MmUtNDNlZi1hYjM4LWNiZDA5ZDEwODBiOHh3pwQ8cD5TcG90a2FuaWEgb2RieXdhasSFIHNpxJkgb25saW5lLCB3eWtvcnp5c3R1asSFYyBrb211bmlrYXRvcnk6wqAgVGVhbXMsIE1lZXQsIFNpZ25hbCwgaW5uZSBkbyB1emdvZG5pZW5pYS48L3A+CjxwPlphcGlzeTo8YnIgLz50ZWxlZm9uaWN6bmllOiBwb25pZWR6aWHFgmVrIC0gcGnEhXRlaywgdyBnb2R6aW5hY2ggOS0yMCBwb2QgbnVtZXJlbSB0ZWxlZm9udTo8YnIgLz48c3Ryb25nPis0OCA1MTjCoCAyNjggODQ4LMKgPC9zdHJvbmc+PGJyIC8+dyBwcnp5cGFka3Ugbmllb2RlYnJhbmlhIHRlbGVmb251IG9kZHp3b25pxJkgdyBjacSFZ3UgMjQgaCwgbW\/FvG5hIHRlxbwgd3lzxYJhxIcgc21zYTxiciAvPmx1YjxiciAvPmUtIG1haWw6IHBvY3p0YUBtYnoucGwgYWxibyBza29yenlzdGHEhyB6IGZvcm11bGFyemEga29udGFrdG93ZWdvIChvYm9rKTwvcD4KPHA+WmFwcmFzemFtPC9wPgo8cD4JCQkJCTxhIGhyZWY9IiMiPjxiciAvPgoJCQkJCQkJCQlbY29udGFjdC1mb3JtLTcgaWQ9IjJiOWQ5NGIiIHRpdGxlPSJOYXBpc3o6Il08YnIgLz4KCQkJCQk8L2E+PC9wPncNY29yZS9mcmVlZm9ybXenBDxwPlNwb3RrYW5pYSBvZGJ5d2FqxIUgc2nEmSBvbmxpbmUsIHd5a29yenlzdHVqxIVjIGtvbXVuaWthdG9yeTrCoCBUZWFtcywgTWVldCwgU2lnbmFsLCBpbm5lIGRvIHV6Z29kbmllbmlhLjwvcD4KPHA+WmFwaXN5OjxiciAvPnRlbGVmb25pY3puaWU6IHBvbmllZHppYcWCZWsgLSBwacSFdGVrLCB3IGdvZHppbmFjaCA5LTIwIHBvZCBudW1lcmVtIHRlbGVmb251OjxiciAvPjxzdHJvbmc+KzQ4IDUxOMKgIDI2OCA4NDgswqA8L3N0cm9uZz48YnIgLz53IHByenlwYWRrdSBuaWVvZGVicmFuaWEgdGVsZWZvbnUgb2RkendvbmnEmSB3IGNpxIVndSAyNCBoLCBtb8W8bmEgdGXFvCB3eXPFgmHEhyBzbXNhPGJyIC8+bHViPGJyIC8+ZS0gbWFpbDogcG9jenRhQG1iei5wbCBhbGJvIHNrb3J6eXN0YcSHIHogZm9ybXVsYXJ6YSBrb250YWt0b3dlZ28gKG9ib2spPC9wPgo8cD5aYXByYXN6YW08L3A+CjxwPgkJCQkJPGEgaHJlZj0iIyI+PGJyIC8+CgkJCQkJCQkJCVtjb250YWN0LWZvcm0tNyBpZD0iMmI5ZDk0YiIgdGl0bGU9Ik5hcGlzejoiXTxiciAvPgoJCQkJCTwvYT48L3A+eXcAdQAD5o\/BvwkBAQzgr6upBAQASAEBAQUBAfbR6KoDDwAADAJlBgcFTQUiBU8FAwVHBgkFAQQNCC4EDgABAA==\",\"updateId\":459775018}","_themeisle_gutenberg_block_has_review":false,"_coachify_sidebar_layout":"","footnotes":""},"class_list":["post-252","page","type-page","status-publish","hentry","image-hover-transition-effect"],"_links":{"self":[{"href":"https:\/\/mbz.pl\/index.php?rest_route=\/wp\/v2\/pages\/252","targetHints":{"allow":["GET"]}}],"collection":[{"href":"https:\/\/mbz.pl\/index.php?rest_route=\/wp\/v2\/pages"}],"about":[{"href":"https:\/\/mbz.pl\/index.php?rest_route=\/wp\/v2\/types\/page"}],"author":[{"embeddable":true,"href":"https:\/\/mbz.pl\/index.php?rest_route=\/wp\/v2\/users\/1"}],"replies":[{"embeddable":true,"href":"https:\/\/mbz.pl\/index.php?rest_route=%2Fwp%2Fv2%2Fcomments&post=252"}],"version-history":[{"count":46,"href":"https:\/\/mbz.pl\/index.php?rest_route=\/wp\/v2\/pages\/252\/revisions"}],"predecessor-version":[{"id":695,"href":"https:\/\/mbz.pl\/index.php?rest_route=\/wp\/v2\/pages\/252\/revisions\/695"}],"wp:attachment":[{"href":"https:\/\/mbz.pl\/index.php?rest_route=%2Fwp%2Fv2%2Fmedia&parent=252"}],"curies":[{"name":"wp","href":"https:\/\/api.w.org\/{rel}","templated":true}]}}