{"id":251,"date":"2025-11-07T18:35:10","date_gmt":"2025-11-07T17:35:10","guid":{"rendered":"https:\/\/mbz.pl\/?page_id=251"},"modified":"2026-04-11T11:47:54","modified_gmt":"2026-04-11T09:47:54","slug":"o-mnie","status":"publish","type":"page","link":"https:\/\/mbz.pl\/","title":{"rendered":"O mnie"},"content":{"rendered":"\n<div class=\"wp-block-media-text is-stacked-on-mobile\" style=\"grid-template-columns:31% auto\"><figure class=\"wp-block-media-text__media\"><img decoding=\"async\" src=\"https:\/\/mbz.pl\/wp-content\/uploads\/2026\/04\/MBZ_male.jpg\" alt=\"\"\/><\/figure><div class=\"wp-block-media-text__content\">\n<p class=\"wp-block-paragraph\">W przeciwno\u015bciach \u017cycia korzystaj ze swego rozs\u0105dku:<br>to co twarde mo\u017cna zmi\u0119kczy\u0107, to co w\u0105skie rozszerzy\u0107,<br>a ci\u0119\u017cary mniej przygniataj\u0105 tych, kt\u00f3rzy umiej\u0105 je nosi\u0107. <br>Seneka, My\u015bli<\/p>\n<\/div><\/div>\n","protected":false},"excerpt":{"rendered":"<p>W przeciwno\u015bciach \u017cycia korzystaj ze swego rozs\u0105dku:to co twarde mo\u017cna zmi\u0119kczy\u0107, to co w\u0105skie rozszerzy\u0107,a ci\u0119\u017cary mniej przygniataj\u0105 tych, kt\u00f3rzy &hellip; <\/p>\n","protected":false},"author":1,"featured_media":0,"parent":0,"menu_order":0,"comment_status":"closed","ping_status":"closed","template":"","meta":{"_crdt_document":"{\"document\":\"AACqA6yZ1+QR9IHapwUDrJnX5BH0gdqnBQnsmdfkERT0gdqnBQasmdfkEfSB2qcFBayZ1+QR9IHapwUHrJnX5BG0gdqnBayZ1+QRtIHapwWsmdfkEfSB2qcFA6yZ1+QRtIHapwWsmdfkEfSB2qcFB6yZ1+QRtIHapwWsmdfkEbSB2qcFrJnX5BH0gdqnBQusmdfkEbSB2qcFrJnX5BG0gdqnBayZ1+QR9IHapwUHrJnX5BH0gdqnBQOsmdfkEbSB2qcFrJnX5BG0gdqnBayZ1+QRtIHapwWsmdfkEfSB2qcFAayZ1+QR9IHapwUBrJnX5BG0gdqnBayZ1+QRtIHapwWsmdfkEfSB2qcFA6yZ1+QRtIHapwWsmdfkEfSB2qcFCuyZ1+QRAPSB2qcFB+yZ1+QRC\/SB2qcFAuyZ1+QRALSB2qcFrJnX5BG0gdqnBayZ1+QRtIHapwWsmdfkEbSB2qcF7JnX5BEH9IHapwUB7JnX5BEA9IHapwUA7JnX5BEEtIHapwWsmdfkEfSB2qcFBOyZ1+QRAvSB2qcFAOyZ1+QRkgOzpqyQEPSB2qcFV50ElBEIAQBawBGYEQIBBkrsEAEBCAJCAQBIADIBAQgCQgEBSMABBAMApAfgBwoQsAfuBwiQAgyqBQMA3AUGqgUC3AUcLhCiBAMA4AQSCBwiBqwDAgTeAwMADrAD5AMSngMDAeIDqAPmA6oDAwDiAx6kAwLkAy4IBhSmBuQQAooRAQUE4AMBAQgBAkgKUMQG3AcCnAcCqA0C4A2IEALgDwLqB4wI2AWuBSICwgMkBwC0AxDiA44FtA0UAwIEAwEGAwUEAgQCBAMEBAMABQACCgMABgMAEgIQAwIIAwIEAwMECAIECgL6HgKEFJABqgKcBwLQHgQCAQGIBpoYAQEIAQJIABYBAQgBAkgAFgEBCABIABABAQgBAEgAEgEBCAJCAQFIxgEXABCmBcYmiiYABABEAQAEAQEGDgEBCAECSAAWAQEIAQJIABYBAQgASAAQAQEIAQBIABIBAQgCQgEBSMYBFwAQsAXKEgMCBAMBBgMFBAIEAgQDBAQDAAUAAgoDAAYDABICEAMCCAMCBAMDBAgCBAoCIMAflnsABABEAQAEAQEGDgEBCABIABABAQgBAEgAEgEBCAJCAQFIWhCcBQEBCAECSAgQAQEIAQJICGL+gQEOAwUGBBACBgIIiAIEAgQCEgQCDAQcLhAGEggaAiIEAhIDAQgDAQQCBAISAwAKAhwDAh4CBQACCAYVALABBLQBBL4BBDIBAw4CAQIKSpcBGgQDAAAEChAAAgiQAgwBARIGAQAQHC4QAQEGEggcIgYBARQDAA4ADBIBAgIAAgEBDB4BAAIuCAYU9gkCnAfaBwIBAKYHAQAq8AcIjAjYBa4FIgIoxgMHALQDEOIDhg2qAvYWnBoDAgQDAQYDBQQCBAIEAwQEAwAFAAIKAwAGAwASAhADAggDAgQDAwQIAgQKAqgHpFW0Bc8DKACoACgDIQGoASgBJwAoBYcAKAInAQQAKAInAIcAKAInAQQAKAMnAMQMwQDEAMEAxADBAMQAwQTEAcEGxADBAMQDwQDEAMEBxADBAMQAwQHEAMEAxADBAMQAwQHEAMEAxADBA4QAqAEoBwcAKAInASgDJwAEAKgAxATBAMQBwQDED4QAgUChAagAxAGoAygDBwAoAicAKAQnAIcAKAInACgEJwCHACgCJwAoAScAhwAoAicAKAInAIcAKAInAQQAKAMnACgDqADHACgAJwAoAScAKAUHACgCJwAoBCcAhwAoAicAKAQnAIcAKAInACgBJwCHACgCJwAoAicAhwAoAicBBAAoAycAKAOoAME\/gQDHACgAJwAoAScAKAUHACgCJwAoAScAhwAoAicAKAInAIcAKAInAQQAKAMnACgBRwAoAicAKAQnACgARwAoAicAKAQnACgAqAAhASgCJwAEACcABACEA4EAhACBAIQAgQKEAIEAhACBAIQAgQCEAIEDhACBBoQAgQGEAIEAhAKBAIQAgQKEAIEDhACBAoQBgQCEAIEAhACBAIQAgQSEAIEAhACBAIQAgQCEACcAKAQnACgFJwAHACEAKAInACgAJ+Ihhh9zdGF0ZXZlcnNpb25oYXNDdXN0b21DU1NjdXN0b21DU1NvdHRlckNvbmRpdGlvbnNfdGhlbWVpc2xlX2d1dGVuYmVyZ19ibG9ja19oYXNfcmV2aWV3c3RhdGVzYXZlZEF0c3RhdGVzYXZlZEJ5dXJsYWx0Y2FwdGlvbmJveFNoYWRvd2JveFNoYWRvd0NvbG9yYm94U2hhZG93Q29sb3JPcGFjaXR5Ym94U2hhZG93Qmx1cmJveFNoYWRvd0hvcml6b250YWxib3hTaGFkb3dWZXJ0aWNhbGNsaWVudElkaXNWYWxpZG5hbWVhdHRyaWJ1dGVzY29udGVudAkJCQkJCQkJCQkJCQkJCWRyb3BDYXBoYXNDdXN0b21DU1NvdHRlckNvbmRpdGlvbnNpbm5lckJsb2Nrc2NsaWVudElkaXNWYWxpZG5hbWVhdHRyaWJ1dGVzY29udGVudFcgcHJ6ZWNpd25vxZtjaWFjaCDFvHljaWEga29yenlzdGFqIHplIHN3ZWdvIHJvenPEhWRrdTo8YnI+dG8gY28gdHdhcmRlIG1vxbxuYSB6bWnEmWtjennEhywgdG8gY28gd8SFc2tpZSByb3pzemVyennEhyw8YnI+YSBjacSZxbxhcnkgbW5pZWogcHJ6eWduaWF0YWrEhSB0eWNoLCBrdMOzcnp5IHVtaWVqxIUgamUgbm9zacSHLiA8YnI+U2VuZWthLCBNecWbbGlkcm9wQ2Fwc3R5bGVoYXNDdXN0b21DU1NvdHRlckNvbmRpdGlvbnNpbm5lckJsb2NrcyEtLSB3cDphZS0tPgo8Zmd1cmUgY2xhc3N3cC1ibG9jay1tYWU+PGltZy8+PC9maWd1PjxpIC0tPjwhLS0gdzpwYXJhcmFwaHtsb3IiImV9LS0KPCEtLSAvd3A6cGFyYWdyYXBoIC0tPmFsaWdubWVkaWFBbHRtZWRpYVBvc2l0aW9ubWVkaWFVcmxtZWRpYVR5cGVtZWRpYVdpZHRoaXNTdGFja2VkT25Nb2JpbGV1c2VGZWF0dXJlZEltYWdlY2xpZW50SWRpc1ZhbGlkbmFtZWF0dHJpYnV0ZXNjb250ZW50ZHJvcENhcHBsYWNlaG9sZGVyaGFzQ3VzdG9tQ1NTb3R0ZXJDb25kaXRpb25zaW5uZXJCbG9ja3NXIHByemVjaXdub8WbY2lhY2ggxbx5Y2lhIGtvcnp5c3RhaiB6ZSBzd2VnbyByb3pzxIVka3U6PGJyPnRvIGNvIHR3YXJkZSBtb8W8bmEgem1pxJlrY3p5xIcsIHRvIGNvIHfEhXNraWUgcm96c3plcnp5xIcsPGJyPmEgY2nEmcW8YXJ5IG1uaWVqIHByenlnbmlhdGFqxIUgdHljaCwga3TDs3J6eSB1bWllasSFIGplIG5vc2nEhy4gPGJyPlNlbmVrYSwgTXnFm2xpbWVkYS10ZXh0IHsiZWRpVHlwZSI6ImltYSIsIm1lZGlhV2lkdGgiOjF9ZGl2IGNsYXNzPSJ3cC1ibG9jay1tZWRpYS10ZXh0IGlzLXN0YWNrZWQtb24tbW9iaWxlIiBzdHlsZT0iZ3JpZC10ZW1wbGF0ZS1jb2x1bW5zOjElIGF1dG8iPjxlZGktdHh0X19tZWRpYWR2Y2xhc3M9ImJsb2NrbWVkaXRleHRfX2NvbnRlbnQicGFjaGxkZVRyxZvEh+KApjwvZGl2PjwvZGl2Pgo8IS0tIC93cDptZWRpYS10ZXh0IC0tPjMzcHJvdmlkZXJhY3Rpb25pZG9wdGlvbk5hbWVjbGllbnRJZGlzVmFsaWRuYW1lYXR0cmlidXRlc3R5cGVsYWJlbGlzUmVxdWlyZWRvdHRlckNvbmRpdGlvbnNoYXNDdXN0b21DU1Npbm5lckJsb2Nrc2NsaWVudElkaXNWYWxpZG5hbWVhdHRyaWJ1dGVzdHlwZWxhYmVsaXNSZXF1aXJlZG90dGVyQ29uZGl0aW9uc2hhc0N1c3RvbUNTU2lubmVyQmxvY2tzY2xpZW50SWRpc1ZhbGlkbmFtZWF0dHJpYnV0ZXNvdHRlckNvbmRpdGlvbnNoYXNDdXN0b21DU1Npbm5lckJsb2Nrc2NsaWVudElkaXNWYWxpZG5hbWVhdHRyaWJ1dGVzbGFiZWxvdHRlckNvbmRpdGlvbnNoYXNDdXN0b21DU1Npbm5lckJsb2Nrc2NsaWVudElkaXNWYWxpZG5hbWVhdHRyaWJ1dGVzY29udGVudFd5c3nFgmFqxIVjIHRlbiBmb3JtdWxhcnosIHd5cmHFvGFzeiB6Z29kxJkgbmEgb3RyenlteXdhbmllIG9kIG5hcyBrb3Jlc3BvbmRlbmNqaSBlLW1haWxvd2VqIGkgcm96dW1pZXN6LCDFvGUgVHdvamUgZGFuZSBrb250YWt0b3dlIGLEmWTEhSBwcnpleiBuYXMgcHJ6ZWNob3d5d2FuZS5kcm9wQ2FwZm9udFNpemVoYXNDdXN0b21DU1NvdHRlckNvbmRpdGlvbnNpbm5lckJsb2Nrc2lkaWRmb3JtSWRpZGlzVmFsaWRhdHRyaWJ1dGVzaGFzQ3VzdG9tQ1NTb3R0ZXJDb25kaXRpb25zaW5uZXJCbG9ja3NjbGllbnRJZG5hbWVwcm92aWRlcmFjdGlvbmlkb3B0aW9uTmFtZWNsaWVudElkaXNWYWxpZG5hbWVhdHRyaWJ1dGVzdHlwZWxhYmVsaXNSZXF1aXJlZG90dGVyQ29uZGl0aW9uc2hhc0N1c3RvbUNTU2lubmVyQmxvY2tzY2xpZW50SWRpc1ZhbGlkbmFtZWF0dHJpYnV0ZXN0eXBlbGFiZWxpc1JlcXVpcmVkb3R0ZXJDb25kaXRpb25zaGFzQ3VzdG9tQ1NTaW5uZXJCbG9ja3NjbGllbnRJZGlzVmFsaWRuYW1lYXR0cmlidXRlc290dGVyQ29uZGl0aW9uc2hhc0N1c3RvbUNTU2lubmVyQmxvY2tzY2xpZW50SWRpc1ZhbGlkbmFtZWF0dHJpYnV0ZXNsYWJlbG90dGVyQ29uZGl0aW9uc2hhc0N1c3RvbUNTU2lubmVyQmxvY2tzY2xpZW50SWRpc1ZhbGlkbmFtZWF0dHJpYnV0ZXNjb250ZW50V3lzecWCYWrEhWMgdGVuIGZvcm11bGFyeiwgd3lyYcW8YXN6IHpnb2TEmSBuYSBvdHJ6eW15d2FuaWUgb2QgbmFzIGtvcmVzcG9uZGVuY2ppIGUtbWFpbG93ZWogaSByb3p1bWllc3osIMW8ZSBUd29qZSBkYW5lIGtvbnRha3Rvd2UgYsSZZMSFIHByemV6IG5hcyBwcnplY2hvd3l3YW5lLmRyb3BDYXBmb250U2l6ZWhhc0N1c3RvbUNTU290dGVyQ29uZGl0aW9uc2lubmVyQmxvY2tzaWRpZGZvcm1JZGlkaXNWYWxpZGF0dHJpYnV0ZXNoYXNDdXN0b21DU1NvdHRlckNvbmRpdGlvbnNpbm5lckJsb2Nrc2NsaWVudElkbmFtZXByb3ZpZGVyYWN0aW9uaWRvcHRpb25OYW1lY2xpZW50SWRpc1ZhbGlkbmFtZWF0dHJpYnV0ZXNvdHRlckNvbmRpdGlvbnNoYXNDdXN0b21DU1Npbm5lckJsb2Nrc2NsaWVudElkaXNWYWxpZG5hbWVhdHRyaWJ1dGVzbGFiZWxvdHRlckNvbmRpdGlvbnNoYXNDdXN0b21DU1Npbm5lckJsb2Nrc2NsaWVudElkaXNWYWxpZG5hbWVhdHRyaWJ1dGVzY29udGVudFd5c3nFgmFqxIVjIHRlbiBmb3JtdWxhcnosIHd5cmHFvGFzeiB6Z29kxJkgbmEgb3RyenlteXdhbmllIG9kIG5hcyBrb3Jlc3BvbmRlbmNqaSBlLW1haWxvd2VqIGkgcm96dW1pZXN6LCDFvGUgVHdvamUgZGFuZSBrb250YWt0b3dlIGLEmWTEhSBwcnpleiBuYXMgcHJ6ZWNob3d5d2FuZS5kcm9wQ2FwZm9udFNpemVoYXNDdXN0b21DU1NvdHRlckNvbmRpdGlvbnNpbm5lckJsb2Nrc2Zvcm1JZGlkY2xpZW50SWRpc1ZhbGlkbmFtZWF0dHJpYnV0ZXN0eXBlbGFiZWxpc1JlcXVpcmVkb3R0ZXJDb25kaXRpb25zaGFzQ3VzdG9tQ1NTaW5uZXJCbG9ja3NpZGNsaWVudElkaXNWYWxpZG5hbWVhdHRyaWJ1dGVzdHlwZWxhYmVsaXNSZXF1aXJlZG90dGVyQ29uZGl0aW9uc2hhc0N1c3RvbUNTU2lubmVyQmxvY2tzaWRzdGF0ZXZlcnNpb25zdGF0ZXZlcnNpb25kb2N1bWVudGRhdGVkb2N1bWVudHNsdWdkb2N1bWVudHN0YXR1c2RvY3VtZW50dGl0bGVPIG1uaWVkb2N1bWVudGNvbnRlbnQ8aW1nIGk9IiIgc3JjPSJodHRwczovL21iei5wbC93cC1jb250ZW50L3VwbG9hZHMvMjAyNi8wNC9NQlpfbWFsZS5qcGciIGFsdD0iInJld3BhLXBnICJlOiIgPgo8cD5XIHByemVjaXdub8WbY2lhY2ggxbx5Y2lhIGtvcnp5c3RhaiB6ZSBzd2VnbyByb3pzxIVka3U6PGJyPnRvIGNvIHR3YXJkZSBtb8W8bmEgem1pxJlrY3p5xIcsIHRvIGNvIHfEhXNraWUgcm96c3plcnp5xIcsPGJyPmEgY2nEmcW8YXJ5IG1uaWVqIHByenlnbmlhdGFqxIUgdHljaCwga3TDs3J6eSB1bWllasSFIGplIG5vc2nEhy4gPGJyPlNlbmVrYSwgTXnFm2xpPC9wPmRvY3VtZW50ZXhjZXJwdGRvY3VtZW50YXV0aG9yZG9jdW1lbnRmZWF0dXJlZF9tZWRpYWRvY3VtZW50Y29tbWVudF9zdGF0dXNkb2N1bWVudHBpbmdfc3RhdHVzZG9jdW1lbnR0ZW1wbGF0ZWRvY3VtZW50bWV0YV9jb2FjaGlmeV9zaWRlYmFyX2xheW91dGZvb3Rub3Rlc19lbGVtZW50b3JfZWRpdF9tb2RlX2VsZW1lbnRvcl90ZW1wbGF0ZV90eXBlX2VsZW1lbnRvcl9kYXRhX2VsZW1lbnRvcl9wYWdlX3NldHRpbmdzZG9jdW1lbnRibG9ja3NjbGllbnRJZGlzVmFsaWRvcmlnaW5hbENvbnRlbnRuYW1lYXR0cmlidXRlc2NvbnRlbnRpbm5lckJsb2NrcwUHDAkPJQUHBQdDAAcJDhUNExEIBwQKBw8HDA8LCAcECge+AgcFDA8LB0EABQEKCUEBBQhBBQYFBEEGAhcFCA0ICQoREAgHBApHAAsMDwu+AgMJAwoPApIBCgMCCUEABwUEDgECAQMCAyRBAAgGAgoIBwQKBAUKDwwLCAcECgQFCg8MCwgHBAoPDAsIBwQKBQ8MCwgHBAoHnAIHCAwPC0IABgIHCgwPCwgECAYCCggHBAoEBQoPDAsIBwQKBAUKDwwLCAcECg8MCwgHBAoFDwwLCAcECgecAgcIDA8LQgAGAgcKDA8LCAQIBgIKCAcECg8MCwgHBAoFDwwLCAcECgecAgcIDA8LBgIIBwQKBAUKDwwLAggHBAoEBQoPDAsCBQcFBwgECAQIBggFBggHQQQCAYQBQQACQQoCODo\/EggHCAYIDggOCAtIAQQYCRQYDxgIBggHDwQKBwsYAQAAAwEBAOQBAQUAAAEAAAABBgAFAQAASgJBAAIAQQACAEEAAgBBAABBAABBAABBAABBAAIAQQAAQQAAQQAAQQAAQQAAQQACAEEAAEEAAEEAAEEAAgBBAABBAABCAQEAQQAA0QFBHgYDCkEAAwEDAgdBAAYBQgADAgECQQEGCQIBAwRBEwpBAgJBAQNBBQIBAgECQQQCQQBCAAEFQQADQQAJAQhBAgRBAgJBAwIEAQIFARBBLgVBLQoBHi+iAQ4gRACrARkUE54FEgYnM4UBDieBARYJEAijAwOyAYUBEgEsBhkBBgQTAwsUCS8KGCACDAQSGDYMGQMEJgIWFBciAa4DCZYCQS0UQQQDCAEDBEIACQIBBg4XCAMJBA0RAgkEQQBCAAEJAQUBDgEPAgEEA0oAQgFBDgPpAwB9AXckNDViNDE2OGItZTAyOS00NTcxLTg1MjItMWE4YWFmMDU4ZDkyeXcAdQB5dyQ4N2U3Nzk2Yi0yMDE5LTQyOGUtOTNlMS1hZjdkMGVhZGEzZGV3CmNvcmUvaW1hZ2V3Nmh0dHBzOi8vbWJ6LnBsL3dwLWNvbnRlbnQvdXBsb2Fkcy8yMDI2LzA0L01CWl9tYWxlLmpwZ3cAeXcHIzAwMDAwMH0yfQV9AH0AdyQ5YzQyNzIxZC03NjZiLTRlODUtODQ3YS00N2ZmYWNjNjRjMTd4dw5jb3JlL3BhcmFncmFwaHl5dQB3JDA5NjY1YzUyLWE4NWQtNDQ0NS1hZDgxLWQ0ZWY4YmQ1MGJiMnh3DmNvcmUvcGFyYWdyYXBoeXYBCnR5cG9ncmFwaHl2AQl0ZXh0QWxpZ253BmNlbnRlcnl1AHckZTJlMTY5OTEtMzQxYS00YThkLTg2NGYtNGY0ODY3YjMwYjkxdw9jb3JlL21lZGlhLXRleHR3BG5vbmV3AHcEbGVmdHc2aHR0cHM6Ly9tYnoucGwvd3AtY29udGVudC91cGxvYWRzLzIwMjYvMDQvTUJaX21hbGUuanBndwVpbWFnZX0yeHl3JDI3ODQyYzBjLTNlOGMtNGMyZi04ZTIxLTMwYjgxOTlmZmY2Nnh3DmNvcmUvcGFyYWdyYXBoeXcKVHJlxZvEh+KApnl1AH0pfR97QnnXvs29sAB7QeHJXM2AAAB3JDJiZTNkODA1LWNlNWEtNGNlYi1hN2IxLWM5OGVmNjNhYzQ0NHcVdGhlbWVpc2xlLWJsb2Nrcy9mb3JtdwB3CXN1YnNjcmliZXcnd3AtYmxvY2stdGhlbWVpc2xlLWJsb2Nrcy1mb3JtLTJiZTNkODA1dzFiZjliMjhmZjgyY2UzMjMxODdhYmM1ZDBmZWIwZDhmMDdlY2Q4NDM2XzJiZTNkODA1dyRiYjhkZWFmMi1kODE0LTRkYmUtOWYyYS03ZjJmMmYxODJlZDd4dxt0aGVtZWlzbGUtYmxvY2tzL2Zvcm0taW5wdXR3BHRleHR3BU5hendheHUAeXckN2ExZmMyN2YtYWRjOS00NjE3LWE4ODEtZjdhNmUyODJjOTczeHcbdGhlbWVpc2xlLWJsb2Nrcy9mb3JtLWlucHV0dwVlbWFpbHcGRS1tYWlseHUAeXckMjJlMTdiN2MtOTQxMy00OGUzLTkzODMtYTc2MjI0MmIxNjE0eHcbdGhlbWVpc2xlLWJsb2Nrcy9mb3JtLW5vbmNldQB5dyQ3OGRkYzE3MC0xOTNkLTQ1MmItOWM3Ny01MDUyOTIxN2U2MGJ4dx50aGVtZWlzbGUtYmxvY2tzL2Zvcm0tdGV4dGFyZWF3C1dpYWRvbW\/Fm8SHdQB5dyRmYjAyYTkxNS0wNGMwLTQ4YjAtYWUyNS1mNWI1MjcxYTEyNmJ4dw5jb3JlL3BhcmFncmFwaHl3C2V4dHJhLXNtYWxseXUAdy13cC1ibG9jay10aGVtZWlzbGUtYmxvY2tzLWZvcm0taW5wdXQtYmI4ZGVhZjJ3LXdwLWJsb2NrLXRoZW1laXNsZS1ibG9ja3MtZm9ybS1pbnB1dC03YTFmYzI3Zncnd3AtYmxvY2stdGhlbWVpc2xlLWJsb2Nrcy1mb3JtLTJiZTNkODA1dzB3cC1ibG9jay10aGVtZWlzbGUtYmxvY2tzLWZvcm0tdGV4dGFyZWEtNzhkZGMxNzB3MHdwLWJsb2NrLXRoZW1laXNsZS1ibG9ja3MtZm9ybS10ZXh0YXJlYS1mMGUyMDI1Yncwd3AtYmxvY2stdGhlbWVpc2xlLWJsb2Nrcy1mb3JtLXRleHRhcmVhLWZjMDYyYTQ3dzB3cC1ibG9jay10aGVtZWlzbGUtYmxvY2tzLWZvcm0tdGV4dGFyZWEtM2JkYzlmNzJ3MHdwLWJsb2NrLXRoZW1laXNsZS1ibG9ja3MtZm9ybS10ZXh0YXJlYS1lNjZkMDNiY3cwd3AtYmxvY2stdGhlbWVpc2xlLWJsb2Nrcy1mb3JtLXRleHRhcmVhLTU3Zjg3ZGRjeHl1AHckMmJlM2Q4MDUtY2U1YS00Y2ViLWE3YjEtYzk4ZWY2M2FjNDQ0dxV0aGVtZWlzbGUtYmxvY2tzL2Zvcm13AHcJc3Vic2NyaWJldyd3cC1ibG9jay10aGVtZWlzbGUtYmxvY2tzLWZvcm0tMmJlM2Q4MDV3MWJmOWIyOGZmODJjZTMyMzE4N2FiYzVkMGZlYjBkOGYwN2VjZDg0MzZfMmJlM2Q4MDV3JGJiOGRlYWYyLWQ4MTQtNGRiZS05ZjJhLTdmMmYyZjE4MmVkN3h3G3RoZW1laXNsZS1ibG9ja3MvZm9ybS1pbnB1dHcEdGV4dHcFTmF6d2F4dQB5dyQ3YTFmYzI3Zi1hZGM5LTQ2MTctYTg4MS1mN2E2ZTI4MmM5NzN4dxt0aGVtZWlzbGUtYmxvY2tzL2Zvcm0taW5wdXR3BWVtYWlsdwZFLW1haWx4dQB5dyQyMmUxN2I3Yy05NDEzLTQ4ZTMtOTM4My1hNzYyMjQyYjE2MTR4dxt0aGVtZWlzbGUtYmxvY2tzL2Zvcm0tbm9uY2V1AHl3JDc4ZGRjMTcwLTE5M2QtNDUyYi05Yzc3LTUwNTI5MjE3ZTYwYnh3HnRoZW1laXNsZS1ibG9ja3MvZm9ybS10ZXh0YXJlYXcLV2lhZG9tb8WbxId1AHl3JGZiMDJhOTE1LTA0YzAtNDhiMC1hZTI1LWY1YjUyNzFhMTI2Ynh3DmNvcmUvcGFyYWdyYXBoeXcLZXh0cmEtc21hbGx5dQB3LXdwLWJsb2NrLXRoZW1laXNsZS1ibG9ja3MtZm9ybS1pbnB1dC1iYjhkZWFmMnctd3AtYmxvY2stdGhlbWVpc2xlLWJsb2Nrcy1mb3JtLWlucHV0LTdhMWZjMjdmdyd3cC1ibG9jay10aGVtZWlzbGUtYmxvY2tzLWZvcm0tMmJlM2Q4MDV3MHdwLWJsb2NrLXRoZW1laXNsZS1ibG9ja3MtZm9ybS10ZXh0YXJlYS01N2Y4N2RkY3cwd3AtYmxvY2stdGhlbWVpc2xlLWJsb2Nrcy1mb3JtLXRleHRhcmVhLWUzY2Q3OTk3dzB3cC1ibG9jay10aGVtZWlzbGUtYmxvY2tzLWZvcm0tdGV4dGFyZWEtYmVlYWU0Mjd3MHdwLWJsb2NrLXRoZW1laXNsZS1ibG9ja3MtZm9ybS10ZXh0YXJlYS01NGFmYzRlOHcwd3AtYmxvY2stdGhlbWVpc2xlLWJsb2Nrcy1mb3JtLXRleHRhcmVhLWEwZWM1ZWFjdzB3cC1ibG9jay10aGVtZWlzbGUtYmxvY2tzLWZvcm0tdGV4dGFyZWEtZDhkYzllNzd3MHdwLWJsb2NrLXRoZW1laXNsZS1ibG9ja3MtZm9ybS10ZXh0YXJlYS02MTc4ZDE4NHcwd3AtYmxvY2stdGhlbWVpc2xlLWJsb2Nrcy1mb3JtLXRleHRhcmVhLWFmNDhkYTRidzB3cC1ibG9jay10aGVtZWlzbGUtYmxvY2tzLWZvcm0tdGV4dGFyZWEtNjc0YjdjODJ3MHdwLWJsb2NrLXRoZW1laXNsZS1ibG9ja3MtZm9ybS10ZXh0YXJlYS1iMGY0YmYwY3cwd3AtYmxvY2stdGhlbWVpc2xlLWJsb2Nrcy1mb3JtLXRleHRhcmVhLWY5OWZmZmI0eHl1AHckMmJlM2Q4MDUtY2U1YS00Y2ViLWE3YjEtYzk4ZWY2M2FjNDQ0dxV0aGVtZWlzbGUtYmxvY2tzL2Zvcm13AHcJc3Vic2NyaWJldyd3cC1ibG9jay10aGVtZWlzbGUtYmxvY2tzLWZvcm0tMmJlM2Q4MDV3MWJmOWIyOGZmODJjZTMyMzE4N2FiYzVkMGZlYjBkOGYwN2VjZDg0MzZfMmJlM2Q4MDV3JDIyZTE3YjdjLTk0MTMtNDhlMy05MzgzLWE3NjIyNDJiMTYxNHh3G3RoZW1laXNsZS1ibG9ja3MvZm9ybS1ub25jZXUAeXckNzhkZGMxNzAtMTkzZC00NTJiLTljNzctNTA1MjkyMTdlNjBieHcedGhlbWVpc2xlLWJsb2Nrcy9mb3JtLXRleHRhcmVhdwtXaWFkb21vxZvEh3UAeXckZmIwMmE5MTUtMDRjMC00OGIwLWFlMjUtZjViNTI3MWExMjZieHcOY29yZS9wYXJhZ3JhcGh5dwtleHRyYS1zbWFsbHl1AHcnd3AtYmxvY2stdGhlbWVpc2xlLWJsb2Nrcy1mb3JtLTJiZTNkODA1dzB3cC1ibG9jay10aGVtZWlzbGUtYmxvY2tzLWZvcm0tdGV4dGFyZWEtZjk5ZmZmYjR3JDdhMWZjMjdmLWFkYzktNDYxNy1hODgxLWY3YTZlMjgyYzk3M3h3G3RoZW1laXNsZS1ibG9ja3MvZm9ybS1pbnB1dHcFZW1haWx3BkUtbWFpbHh1AHl3LXdwLWJsb2NrLXRoZW1laXNsZS1ibG9ja3MtZm9ybS1pbnB1dC03YTFmYzI3ZnckYmI4ZGVhZjItZDgxNC00ZGJlLTlmMmEtN2YyZjJmMTgyZWQ3eHcbdGhlbWVpc2xlLWJsb2Nrcy9mb3JtLWlucHV0dwR0ZXh0dwVOYXp3YXh1AHl3LXdwLWJsb2NrLXRoZW1laXNsZS1ibG9ja3MtZm9ybS1pbnB1dC1iYjhkZWFmMncwd3AtYmxvY2stdGhlbWVpc2xlLWJsb2Nrcy1mb3JtLXRleHRhcmVhLWI4ZmYyZDJhdzB3cC1ibG9jay10aGVtZWlzbGUtYmxvY2tzLWZvcm0tdGV4dGFyZWEtMmIxN2NhZDd3MHdwLWJsb2NrLXRoZW1laXNsZS1ibG9ja3MtZm9ybS10ZXh0YXJlYS1jODFmZTlmYncwd3AtYmxvY2stdGhlbWVpc2xlLWJsb2Nrcy1mb3JtLXRleHRhcmVhLTNlZGJjMmJhdzB3cC1ibG9jay10aGVtZWlzbGUtYmxvY2tzLWZvcm0tdGV4dGFyZWEtNzU5NTU3NzB3MHdwLWJsb2NrLXRoZW1laXNsZS1ibG9ja3MtZm9ybS10ZXh0YXJlYS0xZjA2NzU2NXcwd3AtYmxvY2stdGhlbWVpc2xlLWJsb2Nrcy1mb3JtLXRleHRhcmVhLWE4YmQxZGZidzB3cC1ibG9jay10aGVtZWlzbGUtYmxvY2tzLWZvcm0tdGV4dGFyZWEtZGIyM2ZmMzh3MHdwLWJsb2NrLXRoZW1laXNsZS1ibG9ja3MtZm9ybS10ZXh0YXJlYS0yN2JkZWQzZHcwd3AtYmxvY2stdGhlbWVpc2xlLWJsb2Nrcy1mb3JtLXRleHRhcmVhLWZjNDEyNzI0dzB3cC1ibG9jay10aGVtZWlzbGUtYmxvY2tzLWZvcm0tdGV4dGFyZWEtYWYwZTJkY2V3MHdwLWJsb2NrLXRoZW1laXNsZS1ibG9ja3MtZm9ybS10ZXh0YXJlYS0zYzJlNDIxN3cwd3AtYmxvY2stdGhlbWVpc2xlLWJsb2Nrcy1mb3JtLXRleHRhcmVhLTk4NmJiNzA2dzB3cC1ibG9jay10aGVtZWlzbGUtYmxvY2tzLWZvcm0tdGV4dGFyZWEtOGQ2Y2MwYmF3MHdwLWJsb2NrLXRoZW1laXNsZS1ibG9ja3MtZm9ybS10ZXh0YXJlYS02N2JmZmQ4NHcwd3AtYmxvY2stdGhlbWVpc2xlLWJsb2Nrcy1mb3JtLXRleHRhcmVhLWFjM2I0YzNkdzB3cC1ibG9jay10aGVtZWlzbGUtYmxvY2tzLWZvcm0tdGV4dGFyZWEtNzNhNjVmZjR3MHdwLWJsb2NrLXRoZW1laXNsZS1ibG9ja3MtZm9ybS10ZXh0YXJlYS1jODg4MTczOHcwd3AtYmxvY2stdGhlbWVpc2xlLWJsb2Nrcy1mb3JtLXRleHRhcmVhLTYzNTM1MDRldzB3cC1ibG9jay10aGVtZWlzbGUtYmxvY2tzLWZvcm0tdGV4dGFyZWEtMDYxMDc5YmIBAGYAdxMyMDI1LTExLTA3VDE4OjM1OjEwdwZvLW1uaWV3B3B1Ymxpc2h9AX0AdwZjbG9zZWR3BmNsb3NlZHcAdwB3AHcAdwd3cC1wYWdld5MPW3siaWQiOiIwMjEzYmZhIiwiZWxUeXBlIjoiY29udGFpbmVyIiwic2V0dGluZ3MiOnsiZmxleF9kaXJlY3Rpb24iOiJyb3ciLCJmbGV4X2dhcCI6eyJ1bml0IjoicHgiLCJzaXplIjoxOCwiY29sdW1uIjoiMTgiLCJyb3ciOiIwIn0sImJveGVkX3dpZHRoIjp7InVuaXQiOiJweCIsInNpemUiOjk3Niwic2l6ZXMiOltdfSwid2lkdGgiOnsidW5pdCI6IiUiLCJzaXplIjoxMDAsInNpemVzIjpbXX0sImZsZXhfanVzdGlmeV9jb250ZW50IjoiZmxleC1lbmQiLCJmbGV4X2FsaWduX2l0ZW1zIjoiY2VudGVyIiwicHJlc2V0VGl0bGUiOiJLb250ZW5lciIsInByZXNldEljb24iOiJlaWNvbi1jb250YWluZXIiLCJtaW5faGVpZ2h0Ijp7InVuaXQiOiJweCIsInNpemUiOjAsInNpemVzIjpbXX19LCJlbGVtZW50cyI6W3siaWQiOiI0OThhMGFkIiwiZWxUeXBlIjoid2lkZ2V0Iiwic2V0dGluZ3MiOnsiaW1hZ2UiOnsidXJsIjoiaHR0cHM6XC9cL21iei5wbFwvd3AtY29udGVudFwvdXBsb2Fkc1wvMjAyNlwvMDRcL01CWl9tYWxlLmpwZyIsImlkIjo0NTAsInNpemUiOiIiLCJhbHQiOiIiLCJzb3VyY2UiOiJsaWJyYXJ5In0sImltYWdlX3NpemUiOiJjb2FjaGlmeS1mdWxsd2lkdGgiLCJfbWFyZ2luIjp7InVuaXQiOiJweCIsInRvcCI6IjAiLCJyaWdodCI6IjAiLCJib3R0b20iOiIwIiwibGVmdCI6IjAiLCJpc0xpbmtlZCI6dHJ1ZX0sIl9wYWRkaW5nIjp7InVuaXQiOiJweCIsInRvcCI6IjMiLCJyaWdodCI6IjMiLCJib3R0b20iOiIzIiwibGVmdCI6IjMiLCJpc0xpbmtlZCI6dHJ1ZX0sIl9lbGVtZW50X3dpZHRoIjoiaW5pdGlhbCIsIl9lbGVtZW50X2N1c3RvbV93aWR0aCI6eyJ1bml0IjoiJSIsInNpemUiOjg0LCJzaXplcyI6W119LCJfZmxleF9hbGlnbl9zZWxmIjoiZmxleC1zdGFydCIsIl9mbGV4X29yZGVyIjoic3RhcnQiLCJfZmxleF9vcmRlcl9jdXN0b20iOjMsImFsaWduIjoic3RhcnQiLCJhbGlnbl9tb2JpbGUiOiJjZW50ZXIiLCJ3aWR0aF90YWJsZXQiOnsidW5pdCI6InB4Iiwic2l6ZSI6IiIsInNpemVzIjpbXX0sIndpZHRoX21vYmlsZSI6eyJ1bml0IjoicHgiLCJzaXplIjoiIiwic2l6ZXMiOltdfSwiX2ZsZXhfc2l6ZSI6Im5vbmUiLCJfZWxlbWVudF93aWR0aF9ub25lIjoiaW5pdGlhbCIsIl9lbGVtZW50X2N1c3RvbV93aWR0aF9ub25lIjp7InNpemUiOjQ3My4yMTJ9fSwiZWxlbWVudHMiOltdLCJ3aWRnZXRUeXBlIjoiaW1hZ2UifSx7ImlkIjoiMDBkZDlkNSIsImVsVHlwZSI6IndpZGdldCIsInNldHRpbmdzIjp7ImVkaXRvciI6IjxwIHN0eWxlPVwidGV4dC1hbGlnbjogY2VudGVyO1wiPlcgcHJ6ZWNpd25vXHUwMTViY2lhY2ggXHUwMTdjeWNpYSBrb3J6eXN0YWogemUgc3dlZ28gcm96c1x1MDEwNWRrdTo8YnIgXC8+dG8gY28gdHdhcmRlIG1vXHUwMTdjbmEgem1pXHUwMTE5a2N6eVx1MDEwNywgdG8gY28gd1x1MDEwNXNraWUgcm96c3plcnp5XHUwMTA3LDxiciBcLz5hIGNpXHUwMTE5XHUwMTdjYXJ5IG1uaWVqIHByenlnbmlhdGFqXHUwMTA1IHR5Y2gsIGt0XHUwMGYzcnp5IHVtaWVqXHUwMTA1IGplIG5vc2lcdTAxMDcuIDxiciBcLz5TZW5la2EsIE15XHUwMTVibGk8XC9wPiIsIl9mbGV4X2FsaWduX3NlbGYiOiJjZW50ZXIiLCJfZmxleF9zaXplIjoibm9uZSIsIl9lbGVtZW50X3dpZHRoX25vbmUiOiJpbml0aWFsIiwiX2VsZW1lbnRfY3VzdG9tX3dpZHRoX25vbmUiOnsic2l6ZSI6NDYzLjMzN30sImFsaWduX21vYmlsZSI6InN0YXJ0IiwiX2VsZW1lbnRfd2lkdGhfbW9iaWxlIjoiaW5oZXJpdCIsIl9mbGV4X2FsaWduX3NlbGZfbW9iaWxlIjoiY2VudGVyIiwiX19nbG9iYWxzX18iOnsidHlwb2dyYXBoeV90eXBvZ3JhcGh5IjoiZ2xvYmFsc1wvdHlwb2dyYXBoeT9pZD10ZXh0In19LCJlbGVtZW50cyI6W10sIndpZGdldFR5cGUiOiJ0ZXh0LWVkaXRvciJ9XSwiaXNJbm5lciI6ZmFsc2V9XX54d6MEPHA+PGltZyB3aWR0aD0iMzY4IiBoZWlnaHQ9IjQ2MCIgc3JjPSJodHRwczovL21iei5wbC93cC1jb250ZW50L3VwbG9hZHMvMjAyNi8wNC9NQlpfbWFsZS5qcGciIGFsdD0iIiBzcmNzZXQ9Imh0dHBzOi8vbWJ6LnBsL3dwLWNvbnRlbnQvdXBsb2Fkcy8yMDI2LzA0L01CWl9tYWxlLmpwZyAzNjh3LCBodHRwczovL21iei5wbC93cC1jb250ZW50L3VwbG9hZHMvMjAyNi8wNC9NQlpfbWFsZS0yNDB4MzAwLmpwZyAyNDB3IiBzaXplcz0iKG1heC13aWR0aDogMzY4cHgpIDEwMHZ3LCAzNjhweCIgLz4JCQkJCQkJCQkJCQkJCQk8L3A+CjxwIHN0eWxlPSJ0ZXh0LWFsaWduOiBjZW50ZXI7Ij5XIHByemVjaXdub8WbY2lhY2ggxbx5Y2lhIGtvcnp5c3RhaiB6ZSBzd2VnbyByb3pzxIVka3U6PGJyIC8+dG8gY28gdHdhcmRlIG1vxbxuYSB6bWnEmWtjennEhywgdG8gY28gd8SFc2tpZSByb3pzemVyennEhyw8YnIgLz5hIGNpxJnFvGFyeSBtbmllaiBwcnp5Z25pYXRhasSFIHR5Y2gsIGt0w7NyenkgdW1pZWrEhSBqZSBub3NpxIcuIDxiciAvPlNlbmVrYSwgTXnFm2xpPC9wPncNY29yZS9mcmVlZm9ybXejBDxwPjxpbWcgd2lkdGg9IjM2OCIgaGVpZ2h0PSI0NjAiIHNyYz0iaHR0cHM6Ly9tYnoucGwvd3AtY29udGVudC91cGxvYWRzLzIwMjYvMDQvTUJaX21hbGUuanBnIiBhbHQ9IiIgc3Jjc2V0PSJodHRwczovL21iei5wbC93cC1jb250ZW50L3VwbG9hZHMvMjAyNi8wNC9NQlpfbWFsZS5qcGcgMzY4dywgaHR0cHM6Ly9tYnoucGwvd3AtY29udGVudC91cGxvYWRzLzIwMjYvMDQvTUJaX21hbGUtMjQweDMwMC5qcGcgMjQwdyIgc2l6ZXM9IihtYXgtd2lkdGg6IDM2OHB4KSAxMDB2dywgMzY4cHgiIC8+CQkJCQkJCQkJCQkJCQkJPC9wPgo8cCBzdHlsZT0idGV4dC1hbGlnbjogY2VudGVyOyI+VyBwcnplY2l3bm\/Fm2NpYWNoIMW8eWNpYSBrb3J6eXN0YWogemUgc3dlZ28gcm96c8SFZGt1OjxiciAvPnRvIGNvIHR3YXJkZSBtb8W8bmEgem1pxJlrY3p5xIcsIHRvIGNvIHfEhXNraWUgcm96c3plcnp5xIcsPGJyIC8+YSBjacSZxbxhcnkgbW5pZWogcHJ6eWduaWF0YWrEhSB0eWNoLCBrdMOzcnp5IHVtaWVqxIUgamUgbm9zacSHLiA8YnIgLz5TZW5la2EsIE15xZtsaTwvcD4D7Myr8ggYAQABAALuATMAAQUBAgEPAhQBARABAQQBAAECAQABAAEOAQECCB4AywEAKABUAGiFAQX0GLOTlogIAQAA9IDt0wIZAAAQAAECAgsBA0QBAQEBEQJJARIBCAMDAQMBDAETAgABDgEBAhs4AToBPwEhAAEBAQA=\",\"updateId\":871006312}","_themeisle_gutenberg_block_has_review":false,"_coachify_sidebar_layout":"","footnotes":""},"class_list":["post-251","page","type-page","status-publish","hentry","image-hover-transition-effect"],"_links":{"self":[{"href":"https:\/\/mbz.pl\/index.php?rest_route=\/wp\/v2\/pages\/251","targetHints":{"allow":["GET"]}}],"collection":[{"href":"https:\/\/mbz.pl\/index.php?rest_route=\/wp\/v2\/pages"}],"about":[{"href":"https:\/\/mbz.pl\/index.php?rest_route=\/wp\/v2\/types\/page"}],"author":[{"embeddable":true,"href":"https:\/\/mbz.pl\/index.php?rest_route=\/wp\/v2\/users\/1"}],"replies":[{"embeddable":true,"href":"https:\/\/mbz.pl\/index.php?rest_route=%2Fwp%2Fv2%2Fcomments&post=251"}],"version-history":[{"count":28,"href":"https:\/\/mbz.pl\/index.php?rest_route=\/wp\/v2\/pages\/251\/revisions"}],"predecessor-version":[{"id":636,"href":"https:\/\/mbz.pl\/index.php?rest_route=\/wp\/v2\/pages\/251\/revisions\/636"}],"wp:attachment":[{"href":"https:\/\/mbz.pl\/index.php?rest_route=%2Fwp%2Fv2%2Fmedia&parent=251"}],"curies":[{"name":"wp","href":"https:\/\/api.w.org\/{rel}","templated":true}]}}